{"id":5740,"date":"2023-03-22T07:04:18","date_gmt":"2023-03-22T07:04:18","guid":{"rendered":"https:\/\/josepariente.com\/?post_type=product&#038;p=5740"},"modified":"2026-02-25T08:14:07","modified_gmt":"2026-02-25T08:14:07","slug":"victoria-rosado","status":"publish","type":"product","link":"https:\/\/josepariente.com\/en_us\/product\/victoria-rosado\/","title":{"rendered":"Victoria Rosado 2025"},"content":{"rendered":"<h4>Victoria es un vino rosado que hace homenaje al alma m\u00e1ter de nuestra bodega, Victoria Pariente. Un reconocimiento de sus hijos por haberles transmitido la pasi\u00f3n por el vi\u00f1edo y el vino.<\/h4>\n<p>Made from three different grape varieties: Grenache, Tempranillo and Viognier. It shows great balance between complexity and delicacy.<\/p>\n<p>La vendimia de las tres variedades se realiza simult\u00e1neamente buscando la madurez fen\u00f3lica completa de la variedad Viognier adem\u00e1s de la fruta m\u00e1s viva y la frescura de las<br \/>\nvariedades tintas. Prensa directa conjunta de las tres variedades, manteniendo el rasp\u00f3n en las variedades tintas debido a su vendimia manual (cepas plantadas en vaso). Tras la fermentaci\u00f3n, el vino se mantiene sobre sus l\u00edas durante 4 meses.<\/p>\n<p><a href=\"https:\/\/josepariente.com\/wp-content\/uploads\/2025\/02\/JP_ENG_-VICTORIA-2024-low.pdf\">Tasting sheet<\/a><\/p>\n<p>&nbsp;<\/p>","protected":false},"excerpt":{"rendered":"<h1>Victoria Rosado de Jos\u00e9 Pariente<\/h1>\n<p>\u201cElegante, intenso y lleno de vida\u201d<\/p>\n<p>&nbsp;<\/p>","protected":false},"featured_media":11869,"template":"","meta":{"inline_featured_image":false},"product_brand":[],"product_cat":[71],"product_tag":[148,149,150],"class_list":{"0":"post-5740","1":"product","2":"type-product","3":"status-publish","4":"has-post-thumbnail","6":"product_cat-jose-pariente","7":"product_tag-rosado","8":"product_tag-vino","9":"product_tag-vino-rosado","10":"","11":"woocommerce-text-align-center","12":"woocommerce-image-align-left","13":"do-quantity-buttons","15":"first","16":"instock","17":"taxable","18":"shipping-taxable","19":"purchasable","20":"product-type-simple"},"_links":{"self":[{"href":"https:\/\/josepariente.com\/en_us\/wp-json\/wp\/v2\/product\/5740","targetHints":{"allow":["GET"]}}],"collection":[{"href":"https:\/\/josepariente.com\/en_us\/wp-json\/wp\/v2\/product"}],"about":[{"href":"https:\/\/josepariente.com\/en_us\/wp-json\/wp\/v2\/types\/product"}],"wp:featuredmedia":[{"embeddable":true,"href":"https:\/\/josepariente.com\/en_us\/wp-json\/wp\/v2\/media\/11869"}],"wp:attachment":[{"href":"https:\/\/josepariente.com\/en_us\/wp-json\/wp\/v2\/media?parent=5740"}],"wp:term":[{"taxonomy":"product_brand","embeddable":true,"href":"https:\/\/josepariente.com\/en_us\/wp-json\/wp\/v2\/product_brand?post=5740"},{"taxonomy":"product_cat","embeddable":true,"href":"https:\/\/josepariente.com\/en_us\/wp-json\/wp\/v2\/product_cat?post=5740"},{"taxonomy":"product_tag","embeddable":true,"href":"https:\/\/josepariente.com\/en_us\/wp-json\/wp\/v2\/product_tag?post=5740"}],"curies":[{"name":"wp","href":"https:\/\/api.w.org\/{rel}","templated":true}]}}