{"id":4659,"date":"2022-12-01T09:36:49","date_gmt":"2022-12-01T09:36:49","guid":{"rendered":"https:\/\/josepariente.com\/?post_type=product&#038;p=4659"},"modified":"2025-11-21T07:23:37","modified_gmt":"2025-11-21T07:23:37","slug":"regala-enoturismo","status":"publish","type":"product","link":"https:\/\/josepariente.com\/en_us\/product\/regala-enoturismo\/","title":{"rendered":"Bono experiencia enoturismo DO Rueda"},"content":{"rendered":"<h4>Experiencia de enoturismo en Valladolid, Bodegas Jos\u00e9 Pariente:<\/h4>\n<p>Explora la esencia de la uva Verdejo en una experiencia \u00fanica dise\u00f1ada para conocer en profundidad la variedad m\u00e1s emblem\u00e1tica de la DO Rueda.<\/p>\n<p>Bienvenida entre las cepas, recorrido por las salas de elaboraci\u00f3n m\u00e1s representativas de la bodega y cata comentada de tres Verdejos ic\u00f3nicos de nuestra bodega: <em>Jos\u00e9 Pariente Verdejo | Finca La Medina | Las Fincas de Jos\u00e9 Pariente<\/em><\/p>\n<p><span style=\"font-size: 11px;\"><em>*La compra de esta experiencia no supone una reserva. Para confirmar la fecha deseada ser\u00e1 necesario contactar con anterioridad a trav\u00e9s de enoturismo@josepariente.com o llamar al 983 816 600.<\/em><\/span><\/p>\n<p><span style=\"font-size: 11px;\"><em>*Validez de un a\u00f1o desde la fecha de la compra.<\/em><\/span><\/p>\n<p><span style=\"font-size: 11px;\"><em>*El Bono digital se enviar\u00e1 por email en un plazo de hasta 48 horas. Posibilidad de solicitar bono f\u00edsico.<\/em><\/span><\/p>","protected":false},"excerpt":{"rendered":"<h3>EXPERIENCIA PURO VERDEJO<\/h3>\n<p>\u00a1Sorprende a los tuyos con una experiencia inolvidable! Una visita a nuestra bodega junto con una cata de vinos es una gran idea para regalar.<\/p>\n<p><strong>The versatility of the Verdejo grape in the Rueda DO<\/strong><\/p>\n<p>Bono para 1 persona.<\/p>\n<p><span style=\"font-size: 9px;\">*Bono regalo personalizado. Introduce el nombre del beneficiario en los comentarios de la p\u00e1gina de compra.<\/span><\/p>","protected":false},"featured_media":15801,"template":"","meta":{"inline_featured_image":false},"product_brand":[],"product_cat":[146],"product_tag":[174,175,177,176],"class_list":{"0":"post-4659","1":"product","2":"type-product","3":"status-publish","4":"has-post-thumbnail","6":"product_cat-enoturismo","7":"product_tag-enoturismo","8":"product_tag-experiencia","9":"product_tag-regalo","10":"product_tag-visita","11":"product_shipping_class-envio-gratuito","12":"","13":"woocommerce-text-align-center","14":"woocommerce-image-align-left","15":"do-quantity-buttons","17":"first","18":"instock","19":"taxable","20":"shipping-taxable","21":"purchasable","22":"product-type-simple"},"_links":{"self":[{"href":"https:\/\/josepariente.com\/en_us\/wp-json\/wp\/v2\/product\/4659","targetHints":{"allow":["GET"]}}],"collection":[{"href":"https:\/\/josepariente.com\/en_us\/wp-json\/wp\/v2\/product"}],"about":[{"href":"https:\/\/josepariente.com\/en_us\/wp-json\/wp\/v2\/types\/product"}],"wp:featuredmedia":[{"embeddable":true,"href":"https:\/\/josepariente.com\/en_us\/wp-json\/wp\/v2\/media\/15801"}],"wp:attachment":[{"href":"https:\/\/josepariente.com\/en_us\/wp-json\/wp\/v2\/media?parent=4659"}],"wp:term":[{"taxonomy":"product_brand","embeddable":true,"href":"https:\/\/josepariente.com\/en_us\/wp-json\/wp\/v2\/product_brand?post=4659"},{"taxonomy":"product_cat","embeddable":true,"href":"https:\/\/josepariente.com\/en_us\/wp-json\/wp\/v2\/product_cat?post=4659"},{"taxonomy":"product_tag","embeddable":true,"href":"https:\/\/josepariente.com\/en_us\/wp-json\/wp\/v2\/product_tag?post=4659"}],"curies":[{"name":"wp","href":"https:\/\/api.w.org\/{rel}","templated":true}]}}