{"id":16845,"date":"2025-11-19T09:19:43","date_gmt":"2025-11-19T09:19:43","guid":{"rendered":"https:\/\/josepariente.com\/?post_type=product&#038;p=16845"},"modified":"2026-01-08T13:29:13","modified_gmt":"2026-01-08T13:29:13","slug":"anadas-antiguas-horizontal","status":"publish","type":"product","link":"https:\/\/josepariente.com\/en_us\/product\/anadas-antiguas-horizontal\/","title":{"rendered":"A\u00f1ada antigua horizontal"},"content":{"rendered":"<p>Estos tres emblemas del Verdejo de Rueda, tan elegantes como sutiles, son el regalo perfecto para las Navidades.<\/p>\n<p>Permite explorar los deliciosos matices de los tres vinos correspondientes a una misma a\u00f1ada (2020, 2021 o 2022). Es una manera muy pl\u00e1stica de ver c\u00f3mo con una misma uva \u2013procedente, eso s\u00ed, de varias parcelas\u2014 se pueden obtener vinos muy diferentes entre s\u00ed, pero que comparten ese soberbio coraz\u00f3n monovarietal del Verdejo.<\/p>\n<p><a href=\"https:\/\/josepariente.com\/en_us\/edicion-limitada-especiales-monovarietales-josepariente\/\">M\u00e1s info<\/a><\/p>","protected":false},"excerpt":{"rendered":"<h1>A\u00f1ada Antigua &#8211; cata horizontal<\/h1>\n<p><strong>Edici\u00f3n muy limitada<\/strong> de los mejores a\u00f1os de tres vinos hist\u00f3ricos para la bodega: Las Fincas de Jos\u00e9 Pariente \u2014antes conocido como Jos\u00e9 Pariente<br \/>\nFermentado en Barrica\u2014, Finca Las Comas y Finca La Medina &#8211; Cuv\u00e9e Especial-.<\/p>","protected":false},"featured_media":16842,"template":"","meta":{"inline_featured_image":false},"product_brand":[],"product_cat":[143],"product_tag":[],"class_list":{"0":"post-16845","1":"product","2":"type-product","3":"status-publish","4":"has-post-thumbnail","6":"product_cat-especial-navidad","7":"","8":"woocommerce-text-align-center","9":"woocommerce-image-align-left","10":"do-quantity-buttons","12":"first","13":"instock","14":"taxable","15":"shipping-taxable","16":"purchasable","17":"product-type-variable"},"_links":{"self":[{"href":"https:\/\/josepariente.com\/en_us\/wp-json\/wp\/v2\/product\/16845","targetHints":{"allow":["GET"]}}],"collection":[{"href":"https:\/\/josepariente.com\/en_us\/wp-json\/wp\/v2\/product"}],"about":[{"href":"https:\/\/josepariente.com\/en_us\/wp-json\/wp\/v2\/types\/product"}],"wp:featuredmedia":[{"embeddable":true,"href":"https:\/\/josepariente.com\/en_us\/wp-json\/wp\/v2\/media\/16842"}],"wp:attachment":[{"href":"https:\/\/josepariente.com\/en_us\/wp-json\/wp\/v2\/media?parent=16845"}],"wp:term":[{"taxonomy":"product_brand","embeddable":true,"href":"https:\/\/josepariente.com\/en_us\/wp-json\/wp\/v2\/product_brand?post=16845"},{"taxonomy":"product_cat","embeddable":true,"href":"https:\/\/josepariente.com\/en_us\/wp-json\/wp\/v2\/product_cat?post=16845"},{"taxonomy":"product_tag","embeddable":true,"href":"https:\/\/josepariente.com\/en_us\/wp-json\/wp\/v2\/product_tag?post=16845"}],"curies":[{"name":"wp","href":"https:\/\/api.w.org\/{rel}","templated":true}]}}