{"id":16844,"date":"2025-11-19T09:17:08","date_gmt":"2025-11-19T09:17:08","guid":{"rendered":"https:\/\/josepariente.com\/?post_type=product&#038;p=16844"},"modified":"2026-01-08T13:29:19","modified_gmt":"2026-01-08T13:29:19","slug":"cata-vertical","status":"publish","type":"product","link":"https:\/\/josepariente.com\/en_us\/product\/cata-vertical\/","title":{"rendered":"A\u00f1adas antiguas vertical"},"content":{"rendered":"<p>Peque\u00f1a selecci\u00f3n de las mejores a\u00f1adas de sus monovarietales de Verdejo.<\/p>\n<p>Se incluyen botellas de un solo vino, especialmente seleccionadas, de las a\u00f1adas de 2020, 2021 y 2022.<\/p>\n<p>De esta manera, se podr\u00e1 apreciar la influencia del clima y de la mano del elaborador a lo largo de cada a\u00f1o.<\/p>\n<p>&nbsp;<\/p>\n<p><a href=\"http:\/\/josepariente.com\/en_us\/edicion-limitada-anadas-especiales-de-monovarietales-premium\/\">M\u00e1s info<\/a><\/p>","protected":false},"excerpt":{"rendered":"<h1>A\u00f1adas Antiguas &#8211; cata vertical<\/h1>\n<p><strong>Edici\u00f3n muy limitada<\/strong> de los vinos verdejo m\u00e1s especiales Las Fincas de Jos\u00e9 Pariente &#8211; antiguo Fermentado en Barrica &#8211; , Finca Las Comas y Finca La Medina &#8211; Antiguo Cuv\u00e9e Especial.<\/p>","protected":false},"featured_media":16843,"template":"","meta":{"inline_featured_image":false},"product_brand":[],"product_cat":[143],"product_tag":[],"class_list":{"0":"post-16844","1":"product","2":"type-product","3":"status-publish","4":"has-post-thumbnail","6":"product_cat-especial-navidad","7":"","8":"woocommerce-text-align-center","9":"woocommerce-image-align-left","10":"do-quantity-buttons","12":"first","13":"instock","14":"taxable","15":"shipping-taxable","16":"purchasable","17":"product-type-variable"},"_links":{"self":[{"href":"https:\/\/josepariente.com\/en_us\/wp-json\/wp\/v2\/product\/16844","targetHints":{"allow":["GET"]}}],"collection":[{"href":"https:\/\/josepariente.com\/en_us\/wp-json\/wp\/v2\/product"}],"about":[{"href":"https:\/\/josepariente.com\/en_us\/wp-json\/wp\/v2\/types\/product"}],"wp:featuredmedia":[{"embeddable":true,"href":"https:\/\/josepariente.com\/en_us\/wp-json\/wp\/v2\/media\/16843"}],"wp:attachment":[{"href":"https:\/\/josepariente.com\/en_us\/wp-json\/wp\/v2\/media?parent=16844"}],"wp:term":[{"taxonomy":"product_brand","embeddable":true,"href":"https:\/\/josepariente.com\/en_us\/wp-json\/wp\/v2\/product_brand?post=16844"},{"taxonomy":"product_cat","embeddable":true,"href":"https:\/\/josepariente.com\/en_us\/wp-json\/wp\/v2\/product_cat?post=16844"},{"taxonomy":"product_tag","embeddable":true,"href":"https:\/\/josepariente.com\/en_us\/wp-json\/wp\/v2\/product_tag?post=16844"}],"curies":[{"name":"wp","href":"https:\/\/api.w.org\/{rel}","templated":true}]}}