{"id":16496,"date":"2025-10-06T10:05:50","date_gmt":"2025-10-06T10:05:50","guid":{"rendered":"https:\/\/josepariente.com\/?post_type=product&#038;p=16496"},"modified":"2025-10-22T05:51:28","modified_gmt":"2025-10-22T05:51:28","slug":"victoria-rosado-2024","status":"publish","type":"product","link":"https:\/\/josepariente.com\/en_us\/product\/victoria-rosado-2024\/","title":{"rendered":"Victoria Rosado"},"content":{"rendered":"<h4>Victoria, de Jos\u00e9 Pariente, es el vino rosado ideal para regalar en Navidad: elegante e inolvidable.<\/h4>\n<p>Victoria es un vino rosado que hace homenaje al alma m\u00e1ter de nuestra bodega, Victoria Pariente. Un reconocimiento de sus hijos por haberles transmitido la pasi\u00f3n por el vi\u00f1edo y el vino. Elaborado con uvas procedentes de tres variedades distintas: Garnacha, Tempranillo y Viognier. Muestra un gran equilibrio entre complejidad y sutileza.<\/p>\n<p><a href=\"https:\/\/josepariente.com\/wp-content\/uploads\/2025\/02\/JP_ENG_-VICTORIA-2024-low.pdf\">Tasting sheet<\/a><\/p>\n<p>&nbsp;<\/p>","protected":false},"excerpt":{"rendered":"<h1>Victoria Rosado de Jos\u00e9 Pariente<\/h1>\n<p>Elegante, intenso y lleno de vida<\/p>\n<p>&nbsp;<\/p>","protected":false},"featured_media":11965,"template":"","meta":{"inline_featured_image":false},"product_brand":[],"product_cat":[143],"product_tag":[148,149,150],"class_list":{"0":"post-16496","1":"product","2":"type-product","3":"status-publish","4":"has-post-thumbnail","6":"product_cat-especial-navidad","7":"product_tag-rosado","8":"product_tag-vino","9":"product_tag-vino-rosado","10":"","11":"woocommerce-text-align-center","12":"woocommerce-image-align-left","13":"do-quantity-buttons","15":"first","16":"instock","17":"taxable","18":"shipping-taxable","19":"purchasable","20":"product-type-simple"},"_links":{"self":[{"href":"https:\/\/josepariente.com\/en_us\/wp-json\/wp\/v2\/product\/16496","targetHints":{"allow":["GET"]}}],"collection":[{"href":"https:\/\/josepariente.com\/en_us\/wp-json\/wp\/v2\/product"}],"about":[{"href":"https:\/\/josepariente.com\/en_us\/wp-json\/wp\/v2\/types\/product"}],"wp:featuredmedia":[{"embeddable":true,"href":"https:\/\/josepariente.com\/en_us\/wp-json\/wp\/v2\/media\/11965"}],"wp:attachment":[{"href":"https:\/\/josepariente.com\/en_us\/wp-json\/wp\/v2\/media?parent=16496"}],"wp:term":[{"taxonomy":"product_brand","embeddable":true,"href":"https:\/\/josepariente.com\/en_us\/wp-json\/wp\/v2\/product_brand?post=16496"},{"taxonomy":"product_cat","embeddable":true,"href":"https:\/\/josepariente.com\/en_us\/wp-json\/wp\/v2\/product_cat?post=16496"},{"taxonomy":"product_tag","embeddable":true,"href":"https:\/\/josepariente.com\/en_us\/wp-json\/wp\/v2\/product_tag?post=16496"}],"curies":[{"name":"wp","href":"https:\/\/api.w.org\/{rel}","templated":true}]}}