{"id":16363,"date":"2025-10-06T07:37:12","date_gmt":"2025-10-06T07:37:12","guid":{"rendered":"https:\/\/josepariente.com\/?post_type=product&#038;p=16363"},"modified":"2026-02-23T08:00:27","modified_gmt":"2026-02-23T08:00:27","slug":"familia-pariente","status":"publish","type":"product","link":"https:\/\/josepariente.com\/en_us\/product\/familia-pariente\/","title":{"rendered":"Familia Pariente"},"content":{"rendered":"<p><a href=\"https:\/\/josepariente.com\/wp-content\/uploads\/2025\/02\/JP_FICHA_VERDEJO-2024-ENG-low.pdf\">Jos\u00e9 Pariente Verdejo 2024<\/a>, el cl\u00e1sico que nunca falla. Jos\u00e9 Pariente Verdejo es frescura, tradici\u00f3n y elegancia en cada copa.<\/p>\n<p><a href=\"https:\/\/vilerma.com\/wp-content\/uploads\/2025\/04\/AV_FICHA_2024-BLANCO-low.pdf\" target=\"_blank\" rel=\"noopener\">A Vilerma blanco 2024<\/a>, embotella la tipicidad e identidad de la <strong>DO Ribeiro<\/strong>.<\/p>\n<p><a href=\"https:\/\/prietopariente.com\/wp-content\/uploads\/2024\/10\/La-Provincia-2021-low.pdf\" target=\"_blank\" rel=\"noopener\">La Provincia 2021<\/a>, vino tinto elaborado con Garnacha y Tempranillo<\/p>\n<p>&nbsp;<\/p>\n<p>&nbsp;<\/p>","protected":false},"excerpt":{"rendered":"<h1>Familia Pariente<\/h1>\n<p>Una selecci\u00f3n de las tres bodegas que componen Pariente. Desde el emblem\u00e1tico <strong>Jos\u00e9 Pariente Verdejo<\/strong> de Rueda hasta la nueva adquisici\u00f3n gallega, <strong>A Vilerma<\/strong>, pasando por los vi\u00f1edos de <strong>la provincia<\/strong> de Valladolid.<\/p>","protected":false},"featured_media":17383,"template":"","meta":{"inline_featured_image":false},"product_brand":[],"product_cat":[73,143],"product_tag":[],"class_list":{"0":"post-16363","1":"product","2":"type-product","3":"status-publish","4":"has-post-thumbnail","6":"product_cat-estuches-familia-pariente","7":"product_cat-especial-navidad","8":"","9":"woocommerce-text-align-center","10":"woocommerce-image-align-left","11":"do-quantity-buttons","13":"first","14":"instock","15":"taxable","16":"shipping-taxable","17":"purchasable","18":"product-type-simple"},"_links":{"self":[{"href":"https:\/\/josepariente.com\/en_us\/wp-json\/wp\/v2\/product\/16363","targetHints":{"allow":["GET"]}}],"collection":[{"href":"https:\/\/josepariente.com\/en_us\/wp-json\/wp\/v2\/product"}],"about":[{"href":"https:\/\/josepariente.com\/en_us\/wp-json\/wp\/v2\/types\/product"}],"wp:featuredmedia":[{"embeddable":true,"href":"https:\/\/josepariente.com\/en_us\/wp-json\/wp\/v2\/media\/17383"}],"wp:attachment":[{"href":"https:\/\/josepariente.com\/en_us\/wp-json\/wp\/v2\/media?parent=16363"}],"wp:term":[{"taxonomy":"product_brand","embeddable":true,"href":"https:\/\/josepariente.com\/en_us\/wp-json\/wp\/v2\/product_brand?post=16363"},{"taxonomy":"product_cat","embeddable":true,"href":"https:\/\/josepariente.com\/en_us\/wp-json\/wp\/v2\/product_cat?post=16363"},{"taxonomy":"product_tag","embeddable":true,"href":"https:\/\/josepariente.com\/en_us\/wp-json\/wp\/v2\/product_tag?post=16363"}],"curies":[{"name":"wp","href":"https:\/\/api.w.org\/{rel}","templated":true}]}}