{"id":16361,"date":"2025-10-06T07:33:50","date_gmt":"2025-10-06T07:33:50","guid":{"rendered":"https:\/\/josepariente.com\/?post_type=product&#038;p=16361"},"modified":"2025-11-10T07:41:57","modified_gmt":"2025-11-10T07:41:57","slug":"parajes-prieto-pariente","status":"publish","type":"product","link":"https:\/\/josepariente.com\/en_us\/product\/parajes-prieto-pariente\/","title":{"rendered":"Prieto Pariente"},"content":{"rendered":"<h4><a href=\"https:\/\/josepariente.com\/en_us\/los-parajes-de-prieto-pariente\/\"><strong>Parajes de Prieto Pariente: <\/strong><\/a><\/h4>\n<p><a href=\"https:\/\/prietopariente.com\/wp-content\/uploads\/2025\/02\/Viognier-2022-low.pdf\" target=\"_blank\" rel=\"noopener\">Viognier 2022<\/a>, de una peque\u00f1a vi\u00f1a de Viognier escondida hemos extra\u00eddo la esencia de la variedad.<\/p>\n<p><a href=\"https:\/\/prietopariente.com\/wp-content\/uploads\/2024\/10\/La-Provincia-2021-low.pdf\" target=\"_blank\" rel=\"noopener\">La Provincia 2021<\/a>, Garnacha y tempranillo. Hemos ensamblado la diversidad vit\u00edcola de la provincia de Valladolid.<\/p>\n<p><a href=\"https:\/\/prietopariente.com\/wp-content\/uploads\/2024\/11\/Los-confines-2022-esp-low.pdf\" target=\"_blank\" rel=\"noopener\">Confines 2022<\/a>, 100% Garnacha, DO Cebreros. De dos vi\u00f1edos en altura nace este vino de la Sierra de Gredos.<\/p>\n<p><a href=\"https:\/\/prietopariente.com\/\" target=\"_blank\" rel=\"noopener\">M\u00e1s informaci\u00f3n sobre Bodegas Prieto Pariente<\/a><\/p>","protected":false},"excerpt":{"rendered":"<h1>Colecci\u00f3n Parajes de Prieto Pariente<\/h1>\n<p>La esencia de\u00a0<strong>Bodegas Prieto Pariente<\/strong>\u00a0est\u00e1 basada en la pr\u00e1ctica de la vitivinicultura en nuestra tierra y la expresi\u00f3n del<strong>\u00a0terru\u00f1o de Castilla y Le\u00f3n<\/strong>\u00a0a trav\u00e9s de vinos \u00fanicos.<\/p>","protected":false},"featured_media":16588,"template":"","meta":{"inline_featured_image":false},"product_brand":[],"product_cat":[143],"product_tag":[],"class_list":{"0":"post-16361","1":"product","2":"type-product","3":"status-publish","4":"has-post-thumbnail","6":"product_cat-especial-navidad","7":"","8":"woocommerce-text-align-center","9":"woocommerce-image-align-left","10":"do-quantity-buttons","12":"first","13":"instock","14":"taxable","15":"shipping-taxable","16":"purchasable","17":"product-type-simple"},"_links":{"self":[{"href":"https:\/\/josepariente.com\/en_us\/wp-json\/wp\/v2\/product\/16361","targetHints":{"allow":["GET"]}}],"collection":[{"href":"https:\/\/josepariente.com\/en_us\/wp-json\/wp\/v2\/product"}],"about":[{"href":"https:\/\/josepariente.com\/en_us\/wp-json\/wp\/v2\/types\/product"}],"wp:featuredmedia":[{"embeddable":true,"href":"https:\/\/josepariente.com\/en_us\/wp-json\/wp\/v2\/media\/16588"}],"wp:attachment":[{"href":"https:\/\/josepariente.com\/en_us\/wp-json\/wp\/v2\/media?parent=16361"}],"wp:term":[{"taxonomy":"product_brand","embeddable":true,"href":"https:\/\/josepariente.com\/en_us\/wp-json\/wp\/v2\/product_brand?post=16361"},{"taxonomy":"product_cat","embeddable":true,"href":"https:\/\/josepariente.com\/en_us\/wp-json\/wp\/v2\/product_cat?post=16361"},{"taxonomy":"product_tag","embeddable":true,"href":"https:\/\/josepariente.com\/en_us\/wp-json\/wp\/v2\/product_tag?post=16361"}],"curies":[{"name":"wp","href":"https:\/\/api.w.org\/{rel}","templated":true}]}}