{"id":16360,"date":"2025-10-06T07:30:43","date_gmt":"2025-10-06T07:30:43","guid":{"rendered":"https:\/\/josepariente.com\/?post_type=product&#038;p=16360"},"modified":"2025-10-22T06:12:15","modified_gmt":"2025-10-22T06:12:15","slug":"a-vilerma-magnum","status":"publish","type":"product","link":"https:\/\/josepariente.com\/en_us\/product\/a-vilerma-magnum\/","title":{"rendered":"A Vilerma Magnum"},"content":{"rendered":"<p>Variedades: Treixadura, albari\u00f1o, godello, loureira, lado y torront\u00e9s.<\/p>\n<p><a href=\"https:\/\/vilerma.com\/wp-content\/uploads\/2025\/04\/AV_FICHA_2024-BLANCO-low.pdf\" target=\"_blank\" rel=\"noopener\">Tasting sheet<\/a><\/p>\n<p><a href=\"http:\/\/vilerma.com\" target=\"_blank\" rel=\"noopener\">M\u00e1s info sobre A Vilerma, Ribeiro<\/a><\/p>","protected":false},"excerpt":{"rendered":"<h1>A Vilerma Magnum<\/h1>\n<p>DO Ribeiro<\/p>\n<p>A Vilerma nace de un vi\u00f1edo plantado en bancales, con 220 m de desnivel, en el Valle del Avia, Ourense, Galicia. Finca de 6 hect\u00e1reas donde conviven 6 variedades aut\u00f3ctonas diferentes.<\/p>","protected":false},"featured_media":16587,"template":"","meta":{"inline_featured_image":false},"product_brand":[],"product_cat":[143],"product_tag":[],"class_list":{"0":"post-16360","1":"product","2":"type-product","3":"status-publish","4":"has-post-thumbnail","6":"product_cat-especial-navidad","7":"","8":"woocommerce-text-align-center","9":"woocommerce-image-align-left","10":"do-quantity-buttons","12":"first","13":"instock","14":"taxable","15":"shipping-taxable","16":"purchasable","17":"product-type-simple"},"_links":{"self":[{"href":"https:\/\/josepariente.com\/en_us\/wp-json\/wp\/v2\/product\/16360","targetHints":{"allow":["GET"]}}],"collection":[{"href":"https:\/\/josepariente.com\/en_us\/wp-json\/wp\/v2\/product"}],"about":[{"href":"https:\/\/josepariente.com\/en_us\/wp-json\/wp\/v2\/types\/product"}],"wp:featuredmedia":[{"embeddable":true,"href":"https:\/\/josepariente.com\/en_us\/wp-json\/wp\/v2\/media\/16587"}],"wp:attachment":[{"href":"https:\/\/josepariente.com\/en_us\/wp-json\/wp\/v2\/media?parent=16360"}],"wp:term":[{"taxonomy":"product_brand","embeddable":true,"href":"https:\/\/josepariente.com\/en_us\/wp-json\/wp\/v2\/product_brand?post=16360"},{"taxonomy":"product_cat","embeddable":true,"href":"https:\/\/josepariente.com\/en_us\/wp-json\/wp\/v2\/product_cat?post=16360"},{"taxonomy":"product_tag","embeddable":true,"href":"https:\/\/josepariente.com\/en_us\/wp-json\/wp\/v2\/product_tag?post=16360"}],"curies":[{"name":"wp","href":"https:\/\/api.w.org\/{rel}","templated":true}]}}