{"id":16356,"date":"2025-10-06T07:03:08","date_gmt":"2025-10-06T07:03:08","guid":{"rendered":"https:\/\/josepariente.com\/?post_type=product&#038;p=16356"},"modified":"2026-03-24T13:56:16","modified_gmt":"2026-03-24T13:56:16","slug":"rueda-ribeiro","status":"publish","type":"product","link":"https:\/\/josepariente.com\/en_us\/product\/rueda-ribeiro\/","title":{"rendered":"Rueda y Ribeiro"},"content":{"rendered":"<h4>Este estuche Rueda y Ribeiro es un regalo que habla del origen, del cuidado y de la pasi\u00f3n.<\/h4>\n<p><strong>Rueda:<\/strong><\/p>\n<p><a href=\"https:\/\/josepariente.com\/wp-content\/uploads\/2026\/02\/JP_FICHA_VERDEJO-2025-ENG-low.pdf\">Jos\u00e9 Pariente Verdejo 2025<\/a>, el cl\u00e1sico que nunca falla. Jos\u00e9 Pariente Verdejo es frescura, tradici\u00f3n y elegancia en cada copa.<\/p>\n<p><a href=\"https:\/\/josepariente.com\/wp-content\/uploads\/2025\/10\/JP_FICHA_LAS-FINCAS-DE-JP-2024-low.pdf\">Las Fincas de Jos\u00e9 Pariente 202<\/a>4, un vino blanco profundo, untuoso y complejo. *Ecol\u00f3gico.<\/p>\n<p><strong>Ribeiro:<\/strong><\/p>\n<p><a href=\"https:\/\/vilerma.com\/wp-content\/uploads\/2025\/04\/AV_FICHA_2024-BLANCO-low.pdf\" target=\"_blank\" rel=\"noopener\">A Vilerma blanco 2024<\/a>, embotella la tipicidad e identidad de la DO Ribeiro.<\/p>\n<p>&nbsp;<\/p>","protected":false},"excerpt":{"rendered":"<h1>Estuche Rueda y Ribeiro<\/h1>\n<p>Un viaje de Castilla y Le\u00f3n a Galicia.<\/p>\n<p>Incluye sacacorcho<\/p>","protected":false},"featured_media":17103,"template":"","meta":{"inline_featured_image":false},"product_brand":[],"product_cat":[73],"product_tag":[],"class_list":{"0":"post-16356","1":"product","2":"type-product","3":"status-publish","4":"has-post-thumbnail","6":"product_cat-estuches-familia-pariente","7":"","8":"woocommerce-text-align-center","9":"woocommerce-image-align-left","10":"do-quantity-buttons","12":"first","13":"instock","14":"taxable","15":"shipping-taxable","16":"purchasable","17":"product-type-simple"},"_links":{"self":[{"href":"https:\/\/josepariente.com\/en_us\/wp-json\/wp\/v2\/product\/16356","targetHints":{"allow":["GET"]}}],"collection":[{"href":"https:\/\/josepariente.com\/en_us\/wp-json\/wp\/v2\/product"}],"about":[{"href":"https:\/\/josepariente.com\/en_us\/wp-json\/wp\/v2\/types\/product"}],"wp:featuredmedia":[{"embeddable":true,"href":"https:\/\/josepariente.com\/en_us\/wp-json\/wp\/v2\/media\/17103"}],"wp:attachment":[{"href":"https:\/\/josepariente.com\/en_us\/wp-json\/wp\/v2\/media?parent=16356"}],"wp:term":[{"taxonomy":"product_brand","embeddable":true,"href":"https:\/\/josepariente.com\/en_us\/wp-json\/wp\/v2\/product_brand?post=16356"},{"taxonomy":"product_cat","embeddable":true,"href":"https:\/\/josepariente.com\/en_us\/wp-json\/wp\/v2\/product_cat?post=16356"},{"taxonomy":"product_tag","embeddable":true,"href":"https:\/\/josepariente.com\/en_us\/wp-json\/wp\/v2\/product_tag?post=16356"}],"curies":[{"name":"wp","href":"https:\/\/api.w.org\/{rel}","templated":true}]}}