{"id":15775,"date":"2025-07-08T07:53:47","date_gmt":"2025-07-08T07:53:47","guid":{"rendered":"https:\/\/josepariente.com\/?post_type=product&#038;p=15775"},"modified":"2025-07-30T10:17:06","modified_gmt":"2025-07-30T10:17:06","slug":"enoturismo-en-galicia-vilerma","status":"publish","type":"product","link":"https:\/\/josepariente.com\/en_us\/product\/enoturismo-en-galicia-vilerma\/","title":{"rendered":"Bono enoturismo DO Ribeiro, A Vilerma"},"content":{"rendered":"<h4>Experiencia de enoturismo en Galicia, Finca A Vilerma.<\/h4>\n<p>Visita nuestros vi\u00f1edos abancalados y conoce de primera mano las variedades aut\u00f3ctonas de la <a href=\"https:\/\/www.ribeiro.wine\/es\/\" target=\"_blank\" rel=\"noopener\">DO Ribeiro<\/a> en nuestra finca.<\/p>\n<p>Recorre las salas donde elaboramos <a href=\"https:\/\/josepariente.com\/en_us\/product\/avilerma-ribeiro-blanco\/\">A Vilerma blanco<\/a> y El Pica\u00f1\u00f3n. Y finaliza con una cata comentada de 3 vinos.<\/p>\n<p><a href=\"https:\/\/vilerma.com\/enoturismo\/\" target=\"_blank\" rel=\"noopener\">M\u00e1s informaci\u00f3n sobre experiencias\u00a0<\/a><\/p>\n<p><a href=\"https:\/\/vilerma.reservaswolfcrm.es\/reserva\" target=\"_blank\" rel=\"noopener\">Calendario de reservas<\/a><\/p>\n<p><span style=\"font-size: 11px;\"><em>*La compra de esta experiencia no supone una reserva. Para confirmar la fecha deseada ser\u00e1 necesario contactar con anterioridad a trav\u00e9s de enoturismo@vilerma.com o llamar al 983 816 600.<\/em><\/span><\/p>\n<p><span style=\"font-size: 11px;\"><em>*Validez de un a\u00f1o desde la fecha de la compra.<\/em><\/span><\/p>","protected":false},"excerpt":{"rendered":"<p>\u00a1Sorprende a los tuyos con una experiencia inolvidable!<\/p>\n<p>Descubre la incre\u00edble historia del Ribeiro y la recuperaci\u00f3n de las variedades aut\u00f3ctonas en la Finca A Vilerma<\/p>\n<p>Bono para 1 persona.<\/p>\n<p><span style=\"font-size: 9px;\">*Bono regalo personalizado. Introduce el nombre del beneficiario en los comentarios de la p\u00e1gina de compra.<\/span><\/p>","protected":false},"featured_media":15802,"template":"","meta":{"inline_featured_image":false},"product_brand":[],"product_cat":[146],"product_tag":[174,175,177,176],"class_list":{"0":"post-15775","1":"product","2":"type-product","3":"status-publish","4":"has-post-thumbnail","6":"product_cat-enoturismo","7":"product_tag-enoturismo","8":"product_tag-experiencia","9":"product_tag-regalo","10":"product_tag-visita","11":"product_shipping_class-envio-gratuito","12":"","13":"woocommerce-text-align-center","14":"woocommerce-image-align-left","15":"do-quantity-buttons","17":"first","18":"instock","19":"taxable","20":"shipping-taxable","21":"purchasable","22":"product-type-simple"},"_links":{"self":[{"href":"https:\/\/josepariente.com\/en_us\/wp-json\/wp\/v2\/product\/15775","targetHints":{"allow":["GET"]}}],"collection":[{"href":"https:\/\/josepariente.com\/en_us\/wp-json\/wp\/v2\/product"}],"about":[{"href":"https:\/\/josepariente.com\/en_us\/wp-json\/wp\/v2\/types\/product"}],"wp:featuredmedia":[{"embeddable":true,"href":"https:\/\/josepariente.com\/en_us\/wp-json\/wp\/v2\/media\/15802"}],"wp:attachment":[{"href":"https:\/\/josepariente.com\/en_us\/wp-json\/wp\/v2\/media?parent=15775"}],"wp:term":[{"taxonomy":"product_brand","embeddable":true,"href":"https:\/\/josepariente.com\/en_us\/wp-json\/wp\/v2\/product_brand?post=15775"},{"taxonomy":"product_cat","embeddable":true,"href":"https:\/\/josepariente.com\/en_us\/wp-json\/wp\/v2\/product_cat?post=15775"},{"taxonomy":"product_tag","embeddable":true,"href":"https:\/\/josepariente.com\/en_us\/wp-json\/wp\/v2\/product_tag?post=15775"}],"curies":[{"name":"wp","href":"https:\/\/api.w.org\/{rel}","templated":true}]}}