{"id":14337,"date":"2024-12-12T07:06:53","date_gmt":"2024-12-12T07:06:53","guid":{"rendered":"https:\/\/josepariente.com\/?post_type=product&#038;p=14337"},"modified":"2026-03-02T11:02:02","modified_gmt":"2026-03-02T11:02:02","slug":"parajes-de-prieto-pariente","status":"publish","type":"product","link":"https:\/\/josepariente.com\/en_us\/product\/parajes-de-prieto-pariente\/","title":{"rendered":"Parajes de Prieto Pariente"},"content":{"rendered":"<h4><a href=\"https:\/\/josepariente.com\/en_us\/los-parajes-de-prieto-pariente\/\"><strong>Parajes de Prieto Pariente: <\/strong><\/a><\/h4>\n<p><strong>Viognier de Prieto Pariente<\/strong>, de una peque\u00f1a vi\u00f1a escondida en el t\u00e9rmino de La Seca (Valladolid). <strong>Vi\u00f1edos de La Provincia<\/strong>, vino que ensambla la diversidad vit\u00edcola de la Provincia de Valladolid, procedente de cepas de 1924, 1946 y 1956. Y, tres monovarietales con los que retratamos cada terru\u00f1o poniendo en valor la riqueza del paisaje, el \u201clugar\u201d y sus variedades aut\u00f3ctonas: <strong>O Chan<\/strong>, nuestro godello del Bierzo (Le\u00f3n). <strong>Confines<\/strong>, un vino de uva garnacha que elaboramos a partir de vi\u00f1edos de altura ubicados en Cebreros (\u00c1vila) y <strong>Origen<\/strong> de Prieto Pariente, una elaboraci\u00f3n que retrata la elegante sobriedad castellana a trav\u00e9s de una selecci\u00f3n manual de tempranillo en Mucientes (Valladolid).<\/p>","protected":false},"excerpt":{"rendered":"<p>Poner en valor la diversidad vit\u00edcola de Castilla y Le\u00f3n siempre ha sido el objetivo de<a href=\"http:\/\/prietopariente.com\"> Bodegas Prieto Pariente.<\/a><\/p>\n<p>Once a\u00f1os de recorrido, cargados de esfuerzo, desplazamientos constantes, un gran aprendizaje y, sobre todo, mucha pasi\u00f3n. Hemos ido creciendo junto al proyecto, profundizado en la labor de recuperaci\u00f3n de vi\u00f1edos, aprendiendo de ellos y de cada zona de plantaci\u00f3n. De ah\u00ed el nacimiento de nuestra Colecci\u00f3n PARAJES DE PRIETO PARIENTE.<\/p>\n<p>Estuche compuesto por 5 botellas y caja de madera.<\/p>","protected":false},"featured_media":14664,"template":"","meta":{"inline_featured_image":false},"product_brand":[],"product_cat":[73,143],"product_tag":[],"class_list":{"0":"post-14337","1":"product","2":"type-product","3":"status-publish","4":"has-post-thumbnail","6":"product_cat-estuches-familia-pariente","7":"product_cat-especial-navidad","8":"","9":"woocommerce-text-align-center","10":"woocommerce-image-align-left","11":"do-quantity-buttons","13":"first","14":"instock","15":"taxable","16":"shipping-taxable","17":"purchasable","18":"product-type-simple"},"_links":{"self":[{"href":"https:\/\/josepariente.com\/en_us\/wp-json\/wp\/v2\/product\/14337","targetHints":{"allow":["GET"]}}],"collection":[{"href":"https:\/\/josepariente.com\/en_us\/wp-json\/wp\/v2\/product"}],"about":[{"href":"https:\/\/josepariente.com\/en_us\/wp-json\/wp\/v2\/types\/product"}],"wp:featuredmedia":[{"embeddable":true,"href":"https:\/\/josepariente.com\/en_us\/wp-json\/wp\/v2\/media\/14664"}],"wp:attachment":[{"href":"https:\/\/josepariente.com\/en_us\/wp-json\/wp\/v2\/media?parent=14337"}],"wp:term":[{"taxonomy":"product_brand","embeddable":true,"href":"https:\/\/josepariente.com\/en_us\/wp-json\/wp\/v2\/product_brand?post=14337"},{"taxonomy":"product_cat","embeddable":true,"href":"https:\/\/josepariente.com\/en_us\/wp-json\/wp\/v2\/product_cat?post=14337"},{"taxonomy":"product_tag","embeddable":true,"href":"https:\/\/josepariente.com\/en_us\/wp-json\/wp\/v2\/product_tag?post=14337"}],"curies":[{"name":"wp","href":"https:\/\/api.w.org\/{rel}","templated":true}]}}