{"id":1301,"date":"2020-07-14T11:31:41","date_gmt":"2020-07-14T11:31:41","guid":{"rendered":"https:\/\/josepariente.com\/producto\/import-placeholder-for-378\/"},"modified":"2026-03-16T11:07:57","modified_gmt":"2026-03-16T11:07:57","slug":"jose-pariente-sauvignon-magnum","status":"publish","type":"product","link":"https:\/\/josepariente.com\/en_us\/product\/jose-pariente-sauvignon-magnum\/","title":{"rendered":"Jos\u00e9 Pariente Sauvignon Magnum, 3 litros y 5 litros"},"content":{"rendered":"<p><em>*Las botellas de 3 y 5 litros tendr\u00e1n que ser solicitadas a trav\u00e9s de <a href=\"mailto:tienda@josepariente.com\">tienda@josepariente.com\u00a0<\/a><\/em><\/p>\n<p>Con este varietal aportamos un matiz de persistencia y mineralidad a nuestra forma de entender el vino blanco elaborado en nuestra zona de clima continental y suelo pobre.<\/p>","protected":false},"excerpt":{"rendered":"<p>Clean, aromatic, rounded: the success of Sauvignon Blanc in our terroir.<\/p>","protected":false},"featured_media":10856,"template":"","meta":{"inline_featured_image":false},"product_brand":[],"product_cat":[88],"product_tag":[],"class_list":{"0":"post-1301","1":"product","2":"type-product","3":"status-publish","4":"has-post-thumbnail","6":"product_cat-grandes-formatos","7":"","8":"woocommerce-text-align-center","9":"woocommerce-image-align-left","10":"do-quantity-buttons","12":"first","13":"instock","14":"taxable","15":"shipping-taxable","16":"purchasable","17":"product-type-variable"},"_links":{"self":[{"href":"https:\/\/josepariente.com\/en_us\/wp-json\/wp\/v2\/product\/1301","targetHints":{"allow":["GET"]}}],"collection":[{"href":"https:\/\/josepariente.com\/en_us\/wp-json\/wp\/v2\/product"}],"about":[{"href":"https:\/\/josepariente.com\/en_us\/wp-json\/wp\/v2\/types\/product"}],"wp:featuredmedia":[{"embeddable":true,"href":"https:\/\/josepariente.com\/en_us\/wp-json\/wp\/v2\/media\/10856"}],"wp:attachment":[{"href":"https:\/\/josepariente.com\/en_us\/wp-json\/wp\/v2\/media?parent=1301"}],"wp:term":[{"taxonomy":"product_brand","embeddable":true,"href":"https:\/\/josepariente.com\/en_us\/wp-json\/wp\/v2\/product_brand?post=1301"},{"taxonomy":"product_cat","embeddable":true,"href":"https:\/\/josepariente.com\/en_us\/wp-json\/wp\/v2\/product_cat?post=1301"},{"taxonomy":"product_tag","embeddable":true,"href":"https:\/\/josepariente.com\/en_us\/wp-json\/wp\/v2\/product_tag?post=1301"}],"curies":[{"name":"wp","href":"https:\/\/api.w.org\/{rel}","templated":true}]}}