{"id":1297,"date":"2020-07-14T11:31:41","date_gmt":"2020-07-14T11:31:41","guid":{"rendered":"https:\/\/josepariente.com\/producto\/import-placeholder-for-373\/"},"modified":"2026-03-16T11:07:59","modified_gmt":"2026-03-16T11:07:59","slug":"jose-pariente-verdejo-magnum","status":"publish","type":"product","link":"https:\/\/josepariente.com\/en_us\/product\/jose-pariente-verdejo-magnum\/","title":{"rendered":"Jos\u00e9 Pariente Verdejo Magnum, 3 litros y 5 litros"},"content":{"rendered":"<p><em>*Las botellas de 3 y 5 litros tendr\u00e1n que ser solicitadas a trav\u00e9s de <a href=\"mailto:tienda@josepariente.com\">tienda@josepariente.com\u00a0<\/a><\/em><\/p>\n<p>Nuestro varietal 100% verdejo, la insignia de la casa, se elabora con uvas procedentes de vi\u00f1edos de 30 a\u00f1os propiedad de la familia y de viejas vi\u00f1as de peque\u00f1os viticultores que nos permiten ensamblar la complejidad y diversidad de los diferentes suelos de la Denominaci\u00f3n de Origen.<strong><br \/>\n<\/strong><\/p>","protected":false},"excerpt":{"rendered":"<p><strong>Jos\u00e9 Pariente Verdejo<\/strong>\u00a0es la afirmaci\u00f3n m\u00e1s fresca y elegante de la variedad aut\u00f3ctona de los vinos de Rueda.<\/p>","protected":false},"featured_media":10859,"template":"","meta":{"inline_featured_image":false},"product_brand":[],"product_cat":[88],"product_tag":[],"class_list":{"0":"post-1297","1":"product","2":"type-product","3":"status-publish","4":"has-post-thumbnail","6":"product_cat-grandes-formatos","7":"","8":"woocommerce-text-align-center","9":"woocommerce-image-align-left","10":"do-quantity-buttons","12":"first","13":"instock","14":"taxable","15":"shipping-taxable","16":"purchasable","17":"product-type-variable"},"_links":{"self":[{"href":"https:\/\/josepariente.com\/en_us\/wp-json\/wp\/v2\/product\/1297","targetHints":{"allow":["GET"]}}],"collection":[{"href":"https:\/\/josepariente.com\/en_us\/wp-json\/wp\/v2\/product"}],"about":[{"href":"https:\/\/josepariente.com\/en_us\/wp-json\/wp\/v2\/types\/product"}],"wp:featuredmedia":[{"embeddable":true,"href":"https:\/\/josepariente.com\/en_us\/wp-json\/wp\/v2\/media\/10859"}],"wp:attachment":[{"href":"https:\/\/josepariente.com\/en_us\/wp-json\/wp\/v2\/media?parent=1297"}],"wp:term":[{"taxonomy":"product_brand","embeddable":true,"href":"https:\/\/josepariente.com\/en_us\/wp-json\/wp\/v2\/product_brand?post=1297"},{"taxonomy":"product_cat","embeddable":true,"href":"https:\/\/josepariente.com\/en_us\/wp-json\/wp\/v2\/product_cat?post=1297"},{"taxonomy":"product_tag","embeddable":true,"href":"https:\/\/josepariente.com\/en_us\/wp-json\/wp\/v2\/product_tag?post=1297"}],"curies":[{"name":"wp","href":"https:\/\/api.w.org\/{rel}","templated":true}]}}