{"id":12637,"date":"2024-05-23T06:39:01","date_gmt":"2024-05-23T06:39:01","guid":{"rendered":"https:\/\/josepariente.com\/?post_type=product&#038;p=12637"},"modified":"2025-06-10T08:23:42","modified_gmt":"2025-06-10T08:23:42","slug":"avilerma-ribeiro-blanco","status":"publish","type":"product","link":"https:\/\/josepariente.com\/en_us\/product\/avilerma-ribeiro-blanco\/","title":{"rendered":"A Vilerma Ribeiro 2024"},"content":{"rendered":"<p>La tipicidad de la DO Ribeiro en un ensamblaje tradicional de variedades aut\u00f3ctonas cultivadas en la finca A Vilerma, Ourense &#8211; desde 1977 &#8211;<\/p>\n<p><a href=\"https:\/\/vilerma.com\/wp-content\/uploads\/2025\/04\/AV_FICHA_2024-BLANCO-low.pdf\" target=\"_blank\" rel=\"noopener\">Tasting sheet<\/a><\/p>","protected":false},"excerpt":{"rendered":"<h1>A Vilerma 2024<\/h1>\n<h4>Treixadura, albari\u00f1o, godello, loureira, lado y torront\u00e9s.<br \/>\nA Vilerma Ribeiro nace de un vi\u00f1edo plantado en bancales, con 220 m de desnivel, en el Valle del Avia, coraz\u00f3n del Ribeiro. Finca de 6 hect\u00e1reas donde conviven 6 variedades aut\u00f3ctonas diferentes.<\/h4>","protected":false},"featured_media":12639,"template":"","meta":{"inline_featured_image":false},"product_brand":[],"product_cat":[207],"product_tag":[],"class_list":{"0":"post-12637","1":"product","2":"type-product","3":"status-publish","4":"has-post-thumbnail","6":"product_cat-vilerma","7":"","8":"woocommerce-text-align-center","9":"woocommerce-image-align-left","10":"do-quantity-buttons","12":"first","13":"instock","14":"taxable","15":"shipping-taxable","16":"purchasable","17":"product-type-simple"},"_links":{"self":[{"href":"https:\/\/josepariente.com\/en_us\/wp-json\/wp\/v2\/product\/12637","targetHints":{"allow":["GET"]}}],"collection":[{"href":"https:\/\/josepariente.com\/en_us\/wp-json\/wp\/v2\/product"}],"about":[{"href":"https:\/\/josepariente.com\/en_us\/wp-json\/wp\/v2\/types\/product"}],"wp:featuredmedia":[{"embeddable":true,"href":"https:\/\/josepariente.com\/en_us\/wp-json\/wp\/v2\/media\/12639"}],"wp:attachment":[{"href":"https:\/\/josepariente.com\/en_us\/wp-json\/wp\/v2\/media?parent=12637"}],"wp:term":[{"taxonomy":"product_brand","embeddable":true,"href":"https:\/\/josepariente.com\/en_us\/wp-json\/wp\/v2\/product_brand?post=12637"},{"taxonomy":"product_cat","embeddable":true,"href":"https:\/\/josepariente.com\/en_us\/wp-json\/wp\/v2\/product_cat?post=12637"},{"taxonomy":"product_tag","embeddable":true,"href":"https:\/\/josepariente.com\/en_us\/wp-json\/wp\/v2\/product_tag?post=12637"}],"curies":[{"name":"wp","href":"https:\/\/api.w.org\/{rel}","templated":true}]}}