{"id":12102,"date":"2024-04-17T06:40:09","date_gmt":"2024-04-17T06:40:09","guid":{"rendered":"https:\/\/josepariente.com\/?post_type=product&#038;p=12102"},"modified":"2026-02-23T14:11:03","modified_gmt":"2026-02-23T14:11:03","slug":"o-chan-godello-2025","status":"publish","type":"product","link":"https:\/\/josepariente.com\/en_us\/product\/o-chan-godello-2025\/","title":{"rendered":"O Chan de Prieto Pariente 2025"},"content":{"rendered":"<p>De un vi\u00f1edo de godello, plantado en ladera de monta\u00f1a en El Bierzo, hemos extra\u00eddo la esencia de la variedad en esta zona, creando un vino arom\u00e1tico, afilado, con car\u00e1cter e identidad propia.<\/p>\n<p><a href=\"https:\/\/prietopariente.com\/wp-content\/uploads\/2026\/02\/O-chan-PP-2025-low.pdf\" target=\"_blank\" rel=\"noopener\">Tasting sheet<\/a><\/p>","protected":false},"excerpt":{"rendered":"<h1>O Chan 2025<\/h1>\n<h4><strong>100% godello.<\/strong><\/h4>\n<p>Vi\u00f1edo ubicado en el Cerro Carrapito, en ladera de monta\u00f1a en El Bierzo.<\/p>","protected":false},"featured_media":15268,"template":"","meta":{"inline_featured_image":false},"product_brand":[],"product_cat":[72],"product_tag":[],"class_list":{"0":"post-12102","1":"product","2":"type-product","3":"status-publish","4":"has-post-thumbnail","6":"product_cat-prieto-pariente","7":"","8":"woocommerce-text-align-center","9":"woocommerce-image-align-left","10":"do-quantity-buttons","12":"first","13":"instock","14":"taxable","15":"shipping-taxable","16":"purchasable","17":"product-type-simple"},"_links":{"self":[{"href":"https:\/\/josepariente.com\/en_us\/wp-json\/wp\/v2\/product\/12102","targetHints":{"allow":["GET"]}}],"collection":[{"href":"https:\/\/josepariente.com\/en_us\/wp-json\/wp\/v2\/product"}],"about":[{"href":"https:\/\/josepariente.com\/en_us\/wp-json\/wp\/v2\/types\/product"}],"wp:featuredmedia":[{"embeddable":true,"href":"https:\/\/josepariente.com\/en_us\/wp-json\/wp\/v2\/media\/15268"}],"wp:attachment":[{"href":"https:\/\/josepariente.com\/en_us\/wp-json\/wp\/v2\/media?parent=12102"}],"wp:term":[{"taxonomy":"product_brand","embeddable":true,"href":"https:\/\/josepariente.com\/en_us\/wp-json\/wp\/v2\/product_brand?post=12102"},{"taxonomy":"product_cat","embeddable":true,"href":"https:\/\/josepariente.com\/en_us\/wp-json\/wp\/v2\/product_cat?post=12102"},{"taxonomy":"product_tag","embeddable":true,"href":"https:\/\/josepariente.com\/en_us\/wp-json\/wp\/v2\/product_tag?post=12102"}],"curies":[{"name":"wp","href":"https:\/\/api.w.org\/{rel}","templated":true}]}}