{"id":11868,"date":"2024-03-07T12:57:21","date_gmt":"2024-03-07T12:57:21","guid":{"rendered":"https:\/\/josepariente.com\/?post_type=product&#038;p=11868"},"modified":"2026-03-09T12:27:38","modified_gmt":"2026-03-09T12:27:38","slug":"victoria-rosado-magnum","status":"publish","type":"product","link":"https:\/\/josepariente.com\/en_us\/product\/victoria-rosado-magnum\/","title":{"rendered":"Victoria Rosado Magnum"},"content":{"rendered":"<p>\u201cVictoria\u201d es un homenaje al alma m\u00e1ter de nuestra bodega, Victoria Pariente. Un reconocimiento de sus hijos por haberles transmitido la pasi\u00f3n por el vi\u00f1edo y el vino. Elaborado con uvas procedentes de tres variedades distintas: Garnacha, Tempranillo y Viognier. Muestra un gran equilibrio entre complejidad y sutileza.<\/p>\n<p><a href=\"https:\/\/josepariente.com\/wp-content\/uploads\/2024\/02\/JP_VICTORIA-2023-ENG-low.pdf\">Tasting sheet<\/a><\/p>\n<p><a href=\"https:\/\/www.instagram.com\/reel\/CqbEXpZvrZe\/\" target=\"_blank\" rel=\"noopener\">V\u00eddeo Victoria<\/a><\/p>","protected":false},"excerpt":{"rendered":"<h3><strong>Victoria Rosado magnum.<\/strong><\/h3>\n<p>Un vino elegante, intenso y lleno de vida.<\/p>","protected":false},"featured_media":13317,"template":"","meta":{"inline_featured_image":false},"product_brand":[],"product_cat":[88],"product_tag":[],"class_list":{"0":"post-11868","1":"product","2":"type-product","3":"status-publish","4":"has-post-thumbnail","6":"product_cat-grandes-formatos","7":"","8":"woocommerce-text-align-center","9":"woocommerce-image-align-left","10":"do-quantity-buttons","12":"first","13":"outofstock","14":"taxable","15":"shipping-taxable","16":"purchasable","17":"product-type-simple"},"_links":{"self":[{"href":"https:\/\/josepariente.com\/en_us\/wp-json\/wp\/v2\/product\/11868","targetHints":{"allow":["GET"]}}],"collection":[{"href":"https:\/\/josepariente.com\/en_us\/wp-json\/wp\/v2\/product"}],"about":[{"href":"https:\/\/josepariente.com\/en_us\/wp-json\/wp\/v2\/types\/product"}],"wp:featuredmedia":[{"embeddable":true,"href":"https:\/\/josepariente.com\/en_us\/wp-json\/wp\/v2\/media\/13317"}],"wp:attachment":[{"href":"https:\/\/josepariente.com\/en_us\/wp-json\/wp\/v2\/media?parent=11868"}],"wp:term":[{"taxonomy":"product_brand","embeddable":true,"href":"https:\/\/josepariente.com\/en_us\/wp-json\/wp\/v2\/product_brand?post=11868"},{"taxonomy":"product_cat","embeddable":true,"href":"https:\/\/josepariente.com\/en_us\/wp-json\/wp\/v2\/product_cat?post=11868"},{"taxonomy":"product_tag","embeddable":true,"href":"https:\/\/josepariente.com\/en_us\/wp-json\/wp\/v2\/product_tag?post=11868"}],"curies":[{"name":"wp","href":"https:\/\/api.w.org\/{rel}","templated":true}]}}