{"id":8206,"date":"2023-07-13T09:25:50","date_gmt":"2023-07-13T09:25:50","guid":{"rendered":"https:\/\/josepariente.com\/?page_id=8206"},"modified":"2026-02-16T10:23:19","modified_gmt":"2026-02-16T10:23:19","slug":"puntuaciones-jose-pariente-finca-las-comas","status":"publish","type":"page","link":"https:\/\/josepariente.com\/en_us\/puntuaciones-jose-pariente-finca-las-comas\/","title":{"rendered":"Puntuaciones jos\u00e9 pariente Finca las Comas"},"content":{"rendered":"<div data-elementor-type=\"wp-page\" data-elementor-id=\"8206\" class=\"elementor elementor-8206\" data-elementor-post-type=\"page\">\n\t\t\t\t\t\t<section class=\"elementor-section elementor-top-section elementor-element elementor-element-de084e4 elementor-section-full_width elementor-section-height-full elementor-hidden-tablet elementor-hidden-mobile elementor-section-height-default elementor-section-items-middle\" data-id=\"de084e4\" data-element_type=\"section\" data-e-type=\"section\" data-settings=\"{&quot;jet_parallax_layout_list&quot;:[],&quot;background_background&quot;:&quot;classic&quot;}\">\n\t\t\t\t\t\t<div class=\"elementor-container elementor-column-gap-default\">\n\t\t\t\t\t<div class=\"elementor-column elementor-col-33 elementor-top-column elementor-element elementor-element-70c3b89\" data-id=\"70c3b89\" data-element_type=\"column\" data-e-type=\"column\">\n\t\t\t<div class=\"elementor-widget-wrap elementor-element-populated\">\n\t\t\t\t\t\t<div class=\"elementor-element elementor-element-1e4ca3d elementor-widget elementor-widget-image\" data-id=\"1e4ca3d\" data-element_type=\"widget\" data-e-type=\"widget\" data-widget_type=\"image.default\">\n\t\t\t\t<div class=\"elementor-widget-container\">\n\t\t\t\t\t\t\t\t\t\t\t\t\t\t\t<img fetchpriority=\"high\" decoding=\"async\" width=\"500\" height=\"760\" src=\"https:\/\/josepariente.com\/wp-content\/uploads\/2023\/10\/JP-Finca-Las-comas.webp\" class=\"attachment-large size-large wp-image-10255\" alt=\"Finca Las Comas\" \/>\t\t\t\t\t\t\t\t\t\t\t\t\t\t\t<\/div>\n\t\t\t\t<\/div>\n\t\t\t\t\t<\/div>\n\t\t<\/div>\n\t\t\t\t<div class=\"elementor-column elementor-col-66 elementor-top-column elementor-element elementor-element-eeeacf4\" data-id=\"eeeacf4\" data-element_type=\"column\" data-e-type=\"column\">\n\t\t\t<div class=\"elementor-widget-wrap elementor-element-populated\">\n\t\t\t\t\t\t<div class=\"elementor-element elementor-element-d6c3032 elementor-widget elementor-widget-heading\" data-id=\"d6c3032\" data-element_type=\"widget\" data-e-type=\"widget\" data-widget_type=\"heading.default\">\n\t\t\t\t<div class=\"elementor-widget-container\">\n\t\t\t\t\t<h2 class=\"elementor-heading-title elementor-size-default\">Jos\u00e9 Pariente finca las comas<\/h2>\t\t\t\t<\/div>\n\t\t\t\t<\/div>\n\t\t\t\t<section class=\"elementor-section elementor-inner-section elementor-element elementor-element-b366bc5 elementor-section-boxed elementor-section-height-default elementor-section-height-default\" data-id=\"b366bc5\" data-element_type=\"section\" data-e-type=\"section\" data-settings=\"{&quot;jet_parallax_layout_list&quot;:[]}\">\n\t\t\t\t\t\t<div class=\"elementor-container elementor-column-gap-default\">\n\t\t\t\t\t<div class=\"elementor-column elementor-col-33 elementor-inner-column elementor-element elementor-element-652f2db\" data-id=\"652f2db\" data-element_type=\"column\" data-e-type=\"column\">\n\t\t\t<div class=\"elementor-widget-wrap elementor-element-populated\">\n\t\t\t\t\t\t<div class=\"elementor-element elementor-element-b301cfd elementor-widget elementor-widget-image\" data-id=\"b301cfd\" data-element_type=\"widget\" data-e-type=\"widget\" data-widget_type=\"image.default\">\n\t\t\t\t<div class=\"elementor-widget-container\">\n\t\t\t\t\t\t\t\t\t\t\t\t\t\t\t<img decoding=\"async\" width=\"15\" height=\"1024\" src=\"https:\/\/josepariente.com\/wp-content\/uploads\/2023\/07\/linea-scaled.png\" class=\"attachment-large size-large wp-image-8065\" alt=\"\" \/>\t\t\t\t\t\t\t\t\t\t\t\t\t\t\t<\/div>\n\t\t\t\t<\/div>\n\t\t\t\t\t<\/div>\n\t\t<\/div>\n\t\t\t\t<div class=\"elementor-column elementor-col-33 elementor-inner-column elementor-element elementor-element-3b5ce35\" data-id=\"3b5ce35\" data-element_type=\"column\" data-e-type=\"column\">\n\t\t\t<div class=\"elementor-widget-wrap elementor-element-populated\">\n\t\t\t\t\t\t<div class=\"elementor-element elementor-element-3b35168 elementor-widget elementor-widget-text-editor\" data-id=\"3b35168\" data-element_type=\"widget\" data-e-type=\"widget\" data-widget_type=\"text-editor.default\">\n\t\t\t\t<div class=\"elementor-widget-container\">\n\t\t\t\t\t\t\t\t\t<p><a href=\"https:\/\/www.vivirelvino.com\/publicaciones\/guia-vivir-el-vino-365-vinos-al-ano-2023.html\" target=\"_blank\" rel=\"noopener\">Gu\u00eda Proensa<\/a> <strong>98 puntos\u00a0<\/strong><\/p><p><a href=\"https:\/\/www.vivirelvino.com\/publicaciones\/guia-vivir-el-vino-365-vinos-al-ano-2023.html\" target=\"_blank\" rel=\"noopener\">Gu\u00eda Vivir el Vino<\/a> <strong>97 puntos\u00a0<\/strong><\/p><p><a href=\"https:\/\/timatkin.com\/\" target=\"_blank\" rel=\"noopener\">Tim Atkin<\/a> <strong>95 puntos<\/strong><\/p><p><a href=\"https:\/\/guiapenin.wine\/portada\" target=\"_blank\" rel=\"noopener\">Gu\u00eda Pe\u00f1\u00edn<\/a> <strong>95 puntos<\/strong><\/p><p><a href=\"https:\/\/guiapenin.wine\/portada\" target=\"_blank\" rel=\"noopener\">Gu\u00eda <\/a>ABC\u00a0<span style=\"font-weight: bold;\">95 puntos<\/span><\/p><p><a href=\"https:\/\/www.gourmets.net\/guia-vinos-gourmets\" target=\"_blank\" rel=\"noopener\">Gu\u00eda Gourmets<\/a> <strong>94 puntos<\/strong><\/p><p><a href=\"https:\/\/www.robertparker.com\/\" target=\"_blank\" rel=\"noopener\">Parker Wine Advocate<\/a> <strong>93 puntos<\/strong><\/p>\t\t\t\t\t\t\t\t<\/div>\n\t\t\t\t<\/div>\n\t\t\t\t\t<\/div>\n\t\t<\/div>\n\t\t\t\t<div class=\"elementor-column elementor-col-33 elementor-inner-column elementor-element elementor-element-71269df\" data-id=\"71269df\" data-element_type=\"column\" data-e-type=\"column\">\n\t\t\t<div class=\"elementor-widget-wrap elementor-element-populated\">\n\t\t\t\t\t\t<div class=\"elementor-element elementor-element-418341e elementor-widget elementor-widget-image\" data-id=\"418341e\" data-element_type=\"widget\" data-e-type=\"widget\" data-widget_type=\"image.default\">\n\t\t\t\t<div class=\"elementor-widget-container\">\n\t\t\t\t\t\t\t\t\t\t\t\t\t\t\t<img decoding=\"async\" width=\"832\" height=\"825\" src=\"https:\/\/josepariente.com\/wp-content\/uploads\/2026\/02\/95.png\" class=\"attachment-large size-large wp-image-17287\" alt=\"\" \/>\t\t\t\t\t\t\t\t\t\t\t\t\t\t\t<\/div>\n\t\t\t\t<\/div>\n\t\t\t\t\t<\/div>\n\t\t<\/div>\n\t\t\t\t\t<\/div>\n\t\t<\/section>\n\t\t\t\t<div class=\"elementor-element elementor-element-58546e3 elementor-widget elementor-widget-button\" data-id=\"58546e3\" data-element_type=\"widget\" data-e-type=\"widget\" data-widget_type=\"button.default\">\n\t\t\t\t<div class=\"elementor-widget-container\">\n\t\t\t\t\t\t\t\t\t<div class=\"elementor-button-wrapper\">\n\t\t\t\t\t<a class=\"elementor-button elementor-button-link elementor-size-sm\" href=\"https:\/\/josepariente.com\/wp-content\/uploads\/2025\/08\/JP_FICHA_LAS-COMAS-2022-eng-low.pdf\">\n\t\t\t\t\t\t<span class=\"elementor-button-content-wrapper\">\n\t\t\t\t\t\t\t\t\t<span class=\"elementor-button-text\">https:\/\/josepariente.com\/wp-content\/uploads\/2024\/10\/JP_FICHA_LA-MEDINA-2023-eng-low.pdf<\/span>\n\t\t\t\t\t<\/span>\n\t\t\t\t\t<\/a>\n\t\t\t\t<\/div>\n\t\t\t\t\t\t\t\t<\/div>\n\t\t\t\t<\/div>\n\t\t\t\t\t<\/div>\n\t\t<\/div>\n\t\t\t\t\t<\/div>\n\t\t<\/section>\n\t\t\t\t<section class=\"elementor-section elementor-top-section elementor-element elementor-element-0ab9734 elementor-section-height-min-height elementor-hidden-desktop elementor-section-full_width elementor-section-content-middle elementor-section-height-default elementor-section-items-middle\" data-id=\"0ab9734\" data-element_type=\"section\" data-e-type=\"section\" data-settings=\"{&quot;jet_parallax_layout_list&quot;:[],&quot;background_background&quot;:&quot;classic&quot;}\">\n\t\t\t\t\t\t<div class=\"elementor-container elementor-column-gap-no\">\n\t\t\t\t\t<div class=\"elementor-column elementor-col-33 elementor-top-column elementor-element elementor-element-2417cfa\" data-id=\"2417cfa\" data-element_type=\"column\" data-e-type=\"column\">\n\t\t\t<div class=\"elementor-widget-wrap elementor-element-populated\">\n\t\t\t\t\t\t<div class=\"elementor-element elementor-element-2ab82f3 elementor-widget elementor-widget-heading\" data-id=\"2ab82f3\" data-element_type=\"widget\" data-e-type=\"widget\" data-widget_type=\"heading.default\">\n\t\t\t\t<div class=\"elementor-widget-container\">\n\t\t\t\t\t<h3 class=\"elementor-heading-title elementor-size-default\">RATINGS<\/h3>\t\t\t\t<\/div>\n\t\t\t\t<\/div>\n\t\t\t\t<div class=\"elementor-element elementor-element-3b7f821 elementor-widget elementor-widget-heading\" data-id=\"3b7f821\" data-element_type=\"widget\" data-e-type=\"widget\" data-widget_type=\"heading.default\">\n\t\t\t\t<div class=\"elementor-widget-container\">\n\t\t\t\t\t<h2 class=\"elementor-heading-title elementor-size-default\">Jos\u00e9 Pariente finca las comas<\/h2>\t\t\t\t<\/div>\n\t\t\t\t<\/div>\n\t\t\t\t<div class=\"elementor-element elementor-element-a674bf1 elementor-widget elementor-widget-image\" data-id=\"a674bf1\" data-element_type=\"widget\" data-e-type=\"widget\" data-widget_type=\"image.default\">\n\t\t\t\t<div class=\"elementor-widget-container\">\n\t\t\t\t\t\t\t\t\t\t\t\t\t\t\t<img loading=\"lazy\" decoding=\"async\" width=\"832\" height=\"547\" src=\"https:\/\/josepariente.com\/wp-content\/uploads\/2023\/07\/6.Las-comas-sin-anada-sin-fondo.png\" class=\"attachment-large size-large wp-image-8211\" alt=\"Finca Las comas\" \/>\t\t\t\t\t\t\t\t\t\t\t\t\t\t\t<\/div>\n\t\t\t\t<\/div>\n\t\t\t\t\t<\/div>\n\t\t<\/div>\n\t\t\t\t<div class=\"elementor-column elementor-col-33 elementor-top-column elementor-element elementor-element-1489ed2\" data-id=\"1489ed2\" data-element_type=\"column\" data-e-type=\"column\">\n\t\t\t<div class=\"elementor-widget-wrap elementor-element-populated\">\n\t\t\t\t\t\t<div class=\"elementor-element elementor-element-e5d60eb elementor-widget elementor-widget-image\" data-id=\"e5d60eb\" data-element_type=\"widget\" data-e-type=\"widget\" data-widget_type=\"image.default\">\n\t\t\t\t<div class=\"elementor-widget-container\">\n\t\t\t\t\t\t\t\t\t\t\t\t\t\t\t<img decoding=\"async\" width=\"832\" height=\"825\" src=\"https:\/\/josepariente.com\/wp-content\/uploads\/2026\/02\/95.png\" class=\"attachment-large size-large wp-image-17287\" alt=\"\" \/>\t\t\t\t\t\t\t\t\t\t\t\t\t\t\t<\/div>\n\t\t\t\t<\/div>\n\t\t\t\t<div class=\"elementor-element elementor-element-f2c6373 elementor-widget elementor-widget-text-editor\" data-id=\"f2c6373\" data-element_type=\"widget\" data-e-type=\"widget\" data-widget_type=\"text-editor.default\">\n\t\t\t\t<div class=\"elementor-widget-container\">\n\t\t\t\t\t\t\t\t\t<p><a href=\"https:\/\/www.vivirelvino.com\/publicaciones\/guia-vivir-el-vino-365-vinos-al-ano-2023.html\" target=\"_blank\" rel=\"noopener\">Gu\u00eda Proensa<\/a> <strong>98 puntos\u00a0<\/strong><\/p><p><a href=\"https:\/\/www.vivirelvino.com\/publicaciones\/guia-vivir-el-vino-365-vinos-al-ano-2023.html\" target=\"_blank\" rel=\"noopener\">Gu\u00eda Vivir el Vino<\/a> <strong>97 puntos\u00a0<\/strong><\/p><p><a href=\"https:\/\/timatkin.com\/\" target=\"_blank\" rel=\"noopener\">Tim Atkin<\/a> <strong>95 puntos<\/strong><\/p><p><a href=\"https:\/\/guiapenin.wine\/portada\" target=\"_blank\" rel=\"noopener\">Gu\u00eda Pe\u00f1\u00edn<\/a> <strong>95 puntos<\/strong><\/p><p><a href=\"https:\/\/guiapenin.wine\/portada\" target=\"_blank\" rel=\"noopener\">Gu\u00eda <\/a>ABC\u00a0<span style=\"font-weight: bold;\">95 puntos<\/span><\/p><p><a href=\"https:\/\/www.gourmets.net\/guia-vinos-gourmets\" target=\"_blank\" rel=\"noopener\">Gu\u00eda Gourmets<\/a> <strong>94 puntos<\/strong><\/p><p><a href=\"https:\/\/www.robertparker.com\/\" target=\"_blank\" rel=\"noopener\">Parker Wine Advocate<\/a> <strong>93 puntos<\/strong><\/p>\t\t\t\t\t\t\t\t<\/div>\n\t\t\t\t<\/div>\n\t\t\t\t\t<\/div>\n\t\t<\/div>\n\t\t\t\t<div class=\"elementor-column elementor-col-33 elementor-top-column elementor-element elementor-element-99c3aa7\" data-id=\"99c3aa7\" data-element_type=\"column\" data-e-type=\"column\">\n\t\t\t<div class=\"elementor-widget-wrap\">\n\t\t\t\t\t\t\t<\/div>\n\t\t<\/div>\n\t\t\t\t\t<\/div>\n\t\t<\/section>\n\t\t\t\t<\/div>","protected":false},"excerpt":{"rendered":"<p>Jos\u00e9 Pariente finca las comas Gu\u00eda Proensa 98 puntos\u00a0 Gu\u00eda Vivir el Vino 97 puntos\u00a0 Tim Atkin 95 puntos Gu\u00eda Pe\u00f1\u00edn 95 puntos Gu\u00eda ABC\u00a095 puntos Gu\u00eda Gourmets 94 puntos Parker Wine Advocate 93 puntos Ficha de cata PUNTUACIONES Jos\u00e9 Pariente finca las comas Gu\u00eda Proensa 98 puntos\u00a0 Gu\u00eda Vivir el Vino 97 puntos\u00a0 Tim &#8230; <a title=\"Puntuaciones jos\u00e9 pariente Finca las Comas\" class=\"read-more\" href=\"https:\/\/josepariente.com\/en_us\/puntuaciones-jose-pariente-finca-las-comas\/\" aria-label=\"Read more about Puntuaciones jos\u00e9 pariente Finca las Comas\">Read more<\/a><\/p>","protected":false},"author":2,"featured_media":0,"parent":0,"menu_order":0,"comment_status":"closed","ping_status":"closed","template":"elementor_header_footer","meta":{"inline_featured_image":false,"footnotes":""},"class_list":["post-8206","page","type-page","status-publish"],"_links":{"self":[{"href":"https:\/\/josepariente.com\/en_us\/wp-json\/wp\/v2\/pages\/8206","targetHints":{"allow":["GET"]}}],"collection":[{"href":"https:\/\/josepariente.com\/en_us\/wp-json\/wp\/v2\/pages"}],"about":[{"href":"https:\/\/josepariente.com\/en_us\/wp-json\/wp\/v2\/types\/page"}],"author":[{"embeddable":true,"href":"https:\/\/josepariente.com\/en_us\/wp-json\/wp\/v2\/users\/2"}],"replies":[{"embeddable":true,"href":"https:\/\/josepariente.com\/en_us\/wp-json\/wp\/v2\/comments?post=8206"}],"version-history":[{"count":10,"href":"https:\/\/josepariente.com\/en_us\/wp-json\/wp\/v2\/pages\/8206\/revisions"}],"predecessor-version":[{"id":17325,"href":"https:\/\/josepariente.com\/en_us\/wp-json\/wp\/v2\/pages\/8206\/revisions\/17325"}],"wp:attachment":[{"href":"https:\/\/josepariente.com\/en_us\/wp-json\/wp\/v2\/media?parent=8206"}],"curies":[{"name":"wp","href":"https:\/\/api.w.org\/{rel}","templated":true}]}}