{"id":8191,"date":"2023-07-13T09:20:10","date_gmt":"2023-07-13T09:20:10","guid":{"rendered":"https:\/\/josepariente.com\/?page_id=8191"},"modified":"2025-02-24T07:59:18","modified_gmt":"2025-02-24T07:59:18","slug":"puntuaciones-jose-pariente-cuvee-especial","status":"publish","type":"page","link":"https:\/\/josepariente.com\/en_us\/puntuaciones-jose-pariente-cuvee-especial\/","title":{"rendered":"Puntuaciones Finca La Medina"},"content":{"rendered":"<div data-elementor-type=\"wp-page\" data-elementor-id=\"8191\" class=\"elementor elementor-8191\" data-elementor-post-type=\"page\">\n\t\t\t\t\t\t<section class=\"elementor-section elementor-top-section elementor-element elementor-element-de084e4 elementor-section-height-full elementor-hidden-tablet elementor-hidden-mobile elementor-section-boxed elementor-section-height-default elementor-section-items-middle\" data-id=\"de084e4\" data-element_type=\"section\" data-e-type=\"section\" data-settings=\"{&quot;jet_parallax_layout_list&quot;:[],&quot;background_background&quot;:&quot;classic&quot;}\">\n\t\t\t\t\t\t<div class=\"elementor-container elementor-column-gap-default\">\n\t\t\t\t\t<div class=\"elementor-column elementor-col-100 elementor-top-column elementor-element elementor-element-70c3b89\" data-id=\"70c3b89\" data-element_type=\"column\" data-e-type=\"column\">\n\t\t\t<div class=\"elementor-widget-wrap elementor-element-populated\">\n\t\t\t\t\t\t<div class=\"elementor-element elementor-element-d6c3032 elementor-widget elementor-widget-heading\" data-id=\"d6c3032\" data-element_type=\"widget\" data-e-type=\"widget\" data-widget_type=\"heading.default\">\n\t\t\t\t<div class=\"elementor-widget-container\">\n\t\t\t\t\t<h2 class=\"elementor-heading-title elementor-size-default\">finca la medina de jos\u00e9 pariente<\/h2>\t\t\t\t<\/div>\n\t\t\t\t<\/div>\n\t\t\t\t<div class=\"elementor-element elementor-element-322b1b1 elementor-widget elementor-widget-text-editor\" data-id=\"322b1b1\" data-element_type=\"widget\" data-e-type=\"widget\" data-widget_type=\"text-editor.default\">\n\t\t\t\t<div class=\"elementor-widget-container\">\n\t\t\t\t\t\t\t\t\t<p>Tras a\u00f1os de estudios de suelo y de un trabajo intenso de zonificaci\u00f3n, surge nuestro <strong>segundo vino de finca, Jos\u00e9 Pariente Finca La Medina<\/strong>.<br \/>Una interpretaci\u00f3n elegante y sutil de la variedad Verdejo a partir de un vi\u00f1edo \u00fanico plantado en 1930 en suelo arenoso en<br \/>Hornillos de Eresma.<\/p>\t\t\t\t\t\t\t\t<\/div>\n\t\t\t\t<\/div>\n\t\t\t\t<section class=\"elementor-section elementor-inner-section elementor-element elementor-element-8299845 elementor-section-boxed elementor-section-height-default elementor-section-height-default\" data-id=\"8299845\" data-element_type=\"section\" data-e-type=\"section\" data-settings=\"{&quot;jet_parallax_layout_list&quot;:[]}\">\n\t\t\t\t\t\t<div class=\"elementor-container elementor-column-gap-default\">\n\t\t\t\t\t<div class=\"elementor-column elementor-col-50 elementor-inner-column elementor-element elementor-element-58a9294\" data-id=\"58a9294\" data-element_type=\"column\" data-e-type=\"column\">\n\t\t\t<div class=\"elementor-widget-wrap elementor-element-populated\">\n\t\t\t\t\t\t<div class=\"elementor-element elementor-element-c3180c5 elementor-widget__width-initial elementor-widget elementor-widget-heading\" data-id=\"c3180c5\" data-element_type=\"widget\" data-e-type=\"widget\" data-widget_type=\"heading.default\">\n\t\t\t\t<div class=\"elementor-widget-container\">\n\t\t\t\t\t<h2 class=\"elementor-heading-title elementor-size-default\"><a href=\"\">Nuestro emblem\u00e1tico vino Jos\u00e9 Pariente Cuv\u00e9e Especial evoluciona a Finca La Medina. \n<\/a><\/h2>\t\t\t\t<\/div>\n\t\t\t\t<\/div>\n\t\t\t\t<div class=\"elementor-element elementor-element-1e4ca3d elementor-widget elementor-widget-image\" data-id=\"1e4ca3d\" data-element_type=\"widget\" data-e-type=\"widget\" data-widget_type=\"image.default\">\n\t\t\t\t<div class=\"elementor-widget-container\">\n\t\t\t\t\t\t\t\t\t\t\t\t\t\t\t<img fetchpriority=\"high\" decoding=\"async\" width=\"500\" height=\"760\" src=\"https:\/\/josepariente.com\/wp-content\/uploads\/2020\/07\/La-Medina.webp\" class=\"attachment-large size-large wp-image-13846\" alt=\"Finca La Medina Jos\u00e9 Pariente\" \/>\t\t\t\t\t\t\t\t\t\t\t\t\t\t\t<\/div>\n\t\t\t\t<\/div>\n\t\t\t\t\t<\/div>\n\t\t<\/div>\n\t\t\t\t<div class=\"elementor-column elementor-col-50 elementor-inner-column elementor-element elementor-element-9dec1c6\" data-id=\"9dec1c6\" data-element_type=\"column\" data-e-type=\"column\">\n\t\t\t<div class=\"elementor-widget-wrap elementor-element-populated\">\n\t\t\t\t\t\t<div class=\"elementor-element elementor-element-3b35168 elementor-widget elementor-widget-text-editor\" data-id=\"3b35168\" data-element_type=\"widget\" data-e-type=\"widget\" data-widget_type=\"text-editor.default\">\n\t\t\t\t<div class=\"elementor-widget-container\">\n\t\t\t\t\t\t\t\t\t<p><a href=\"https:\/\/www.proensa.com\/guia-proensa-2023\/\" target=\"_blank\" rel=\"noopener\">Gu\u00eda\u00a0<\/a><a href=\"https:\/\/www.proensa.com\/guia-proensa-2023\/\" target=\"_blank\" rel=\"noopener\"><span style=\"color: var( --e-global-color-text );\">Proensa <\/span><\/a><strong>96 puntos<\/strong><\/p><p><a href=\"https:\/\/www.vivirelvino.com\/publicaciones\/guia-vivir-el-vino-365-vinos-al-ano-2023.html\" target=\"_blank\" rel=\"noopener\">Gu\u00eda Vivir el Vino <\/a><strong>96 puntos<\/strong><\/p><p><a href=\"https:\/\/www.gourmets.net\/guia-vinos-gourmets\" target=\"_blank\" rel=\"noopener\">Gu\u00eda Gourmets<\/a> <strong>95 puntos\u00a0<\/strong><\/p><p><a href=\"https:\/\/guiapenin.wine\/portada\" target=\"_blank\" rel=\"noopener\">Gu\u00eda Pe\u00f1\u00edn<\/a> <strong>94 puntos\u00a0 <\/strong><\/p><p>James Suckling<strong> 92 puntos<\/strong><\/p><p><a href=\"https:\/\/www.robertparker.com\/\" target=\"_blank\" rel=\"noopener\">Parker Wine Advocate<\/a> \u00a0<strong>91+ puntos<\/strong><\/p><p><a href=\"https:\/\/perswijn.nl\/\" target=\"_blank\" rel=\"noopener\">Perswijn<\/a> \u00a0<strong>17,5\/20 puntos<\/strong><\/p>\t\t\t\t\t\t\t\t<\/div>\n\t\t\t\t<\/div>\n\t\t\t\t<div class=\"elementor-element elementor-element-9c498d4 elementor-align-left elementor-widget elementor-widget-button\" data-id=\"9c498d4\" data-element_type=\"widget\" data-e-type=\"widget\" data-widget_type=\"button.default\">\n\t\t\t\t<div class=\"elementor-widget-container\">\n\t\t\t\t\t\t\t\t\t<div class=\"elementor-button-wrapper\">\n\t\t\t\t\t<a class=\"elementor-button elementor-button-link elementor-size-sm\" href=\"https:\/\/josepariente.com\/wp-content\/uploads\/2024\/10\/JP_FICHA_LA-MEDINA-2023-eng-low.pdf\">\n\t\t\t\t\t\t<span class=\"elementor-button-content-wrapper\">\n\t\t\t\t\t\t\t\t\t<span class=\"elementor-button-text\">https:\/\/josepariente.com\/wp-content\/uploads\/2024\/10\/JP_FICHA_LA-MEDINA-2023-eng-low.pdf<\/span>\n\t\t\t\t\t<\/span>\n\t\t\t\t\t<\/a>\n\t\t\t\t<\/div>\n\t\t\t\t\t\t\t\t<\/div>\n\t\t\t\t<\/div>\n\t\t\t\t\t<\/div>\n\t\t<\/div>\n\t\t\t\t\t<\/div>\n\t\t<\/section>\n\t\t\t\t\t<\/div>\n\t\t<\/div>\n\t\t\t\t\t<\/div>\n\t\t<\/section>\n\t\t\t\t<section class=\"elementor-section elementor-top-section elementor-element elementor-element-0ab9734 elementor-section-height-min-height elementor-hidden-desktop elementor-section-full_width elementor-section-content-middle elementor-section-height-default elementor-section-items-middle\" data-id=\"0ab9734\" data-element_type=\"section\" data-e-type=\"section\" data-settings=\"{&quot;jet_parallax_layout_list&quot;:[],&quot;background_background&quot;:&quot;classic&quot;}\">\n\t\t\t\t\t\t<div class=\"elementor-container elementor-column-gap-no\">\n\t\t\t\t\t<div class=\"elementor-column elementor-col-33 elementor-top-column elementor-element elementor-element-2417cfa\" data-id=\"2417cfa\" data-element_type=\"column\" data-e-type=\"column\">\n\t\t\t<div class=\"elementor-widget-wrap elementor-element-populated\">\n\t\t\t\t\t\t<div class=\"elementor-element elementor-element-2ab82f3 elementor-widget elementor-widget-heading\" data-id=\"2ab82f3\" data-element_type=\"widget\" data-e-type=\"widget\" data-widget_type=\"heading.default\">\n\t\t\t\t<div class=\"elementor-widget-container\">\n\t\t\t\t\t<h3 class=\"elementor-heading-title elementor-size-default\">RATINGS<\/h3>\t\t\t\t<\/div>\n\t\t\t\t<\/div>\n\t\t\t\t<div class=\"elementor-element elementor-element-3b7f821 elementor-widget elementor-widget-heading\" data-id=\"3b7f821\" data-element_type=\"widget\" data-e-type=\"widget\" data-widget_type=\"heading.default\">\n\t\t\t\t<div class=\"elementor-widget-container\">\n\t\t\t\t\t<h2 class=\"elementor-heading-title elementor-size-default\">Finca La Medina de Jos\u00e9 Pariente <\/h2>\t\t\t\t<\/div>\n\t\t\t\t<\/div>\n\t\t\t\t<div class=\"elementor-element elementor-element-43d805d elementor-widget elementor-widget-text-editor\" data-id=\"43d805d\" data-element_type=\"widget\" data-e-type=\"widget\" data-widget_type=\"text-editor.default\">\n\t\t\t\t<div class=\"elementor-widget-container\">\n\t\t\t\t\t\t\t\t\t<p>Nuestro emblem\u00e1tico vino Jos\u00e9 Pariente Cuv\u00e9e Especial evoluciona a Finca La Medina.<\/p>\t\t\t\t\t\t\t\t<\/div>\n\t\t\t\t<\/div>\n\t\t\t\t<div class=\"elementor-element elementor-element-a674bf1 elementor-widget elementor-widget-image\" data-id=\"a674bf1\" data-element_type=\"widget\" data-e-type=\"widget\" data-widget_type=\"image.default\">\n\t\t\t\t<div class=\"elementor-widget-container\">\n\t\t\t\t\t\t\t\t\t\t\t\t\t\t\t<img decoding=\"async\" width=\"832\" height=\"547\" src=\"https:\/\/josepariente.com\/wp-content\/uploads\/2025\/02\/MEdina-JP.webp\" class=\"attachment-large size-large wp-image-14846\" alt=\"Finca la Medina - JP\" \/>\t\t\t\t\t\t\t\t\t\t\t\t\t\t\t<\/div>\n\t\t\t\t<\/div>\n\t\t\t\t\t<\/div>\n\t\t<\/div>\n\t\t\t\t<div class=\"elementor-column elementor-col-33 elementor-top-column elementor-element elementor-element-1489ed2\" data-id=\"1489ed2\" data-element_type=\"column\" data-e-type=\"column\">\n\t\t\t<div class=\"elementor-widget-wrap elementor-element-populated\">\n\t\t\t\t\t\t<div class=\"elementor-element elementor-element-f2c6373 elementor-widget elementor-widget-text-editor\" data-id=\"f2c6373\" data-element_type=\"widget\" data-e-type=\"widget\" data-widget_type=\"text-editor.default\">\n\t\t\t\t<div class=\"elementor-widget-container\">\n\t\t\t\t\t\t\t\t\t<p>Gu\u00eda Proensa\u00a0<strong>96 puntos<\/strong><\/p><p>Gu\u00eda Vivir el Vino\u00a0<strong>96 puntos<\/strong><\/p><p>Gu\u00eda Gourmets\u00a0<strong>95 puntos\u00a0<\/strong><\/p><p>Gu\u00eda Pe\u00f1\u00edn\u00a0<strong>94 puntos\u00a0<\/strong><\/p><p>James Suckling<strong>\u00a092 puntos<\/strong><\/p><p>Parker Wine Advocate\u00a0<strong>91+ puntos<\/strong><\/p><p><a style=\"font-size: inherit;\" href=\"https:\/\/perswijn.nl\/\" target=\"_blank\" rel=\"noopener\">Perswijn<\/a><span style=\"font-size: inherit;\">\u00a0\u00a0<\/span><strong style=\"font-size: inherit;\">17,5\/20 puntos<\/strong><\/p><div class=\"elementor-element elementor-element-9c498d4 elementor-align-center elementor-widget elementor-widget-button\" data-id=\"9c498d4\" data-element_type=\"widget\" data-widget_type=\"button.default\"><div class=\"elementor-widget-container\"><div class=\"elementor-button-wrapper\">\u00a0<\/div><\/div><\/div>\t\t\t\t\t\t\t\t<\/div>\n\t\t\t\t<\/div>\n\t\t\t\t\t<\/div>\n\t\t<\/div>\n\t\t\t\t<div class=\"elementor-column elementor-col-33 elementor-top-column elementor-element elementor-element-99c3aa7\" data-id=\"99c3aa7\" data-element_type=\"column\" data-e-type=\"column\">\n\t\t\t<div class=\"elementor-widget-wrap\">\n\t\t\t\t\t\t\t<\/div>\n\t\t<\/div>\n\t\t\t\t\t<\/div>\n\t\t<\/section>\n\t\t\t\t<\/div>","protected":false},"excerpt":{"rendered":"<p>finca la medina de jos\u00e9 pariente Tras a\u00f1os de estudios de suelo y de un trabajo intenso de zonificaci\u00f3n, surge nuestro segundo vino de finca, Jos\u00e9 Pariente Finca La Medina.Una interpretaci\u00f3n elegante y sutil de la variedad Verdejo a partir de un vi\u00f1edo \u00fanico plantado en 1930 en suelo arenoso enHornillos de Eresma. Nuestro emblem\u00e1tico &#8230; <a title=\"Puntuaciones Finca La Medina\" class=\"read-more\" href=\"https:\/\/josepariente.com\/en_us\/puntuaciones-jose-pariente-cuvee-especial\/\" aria-label=\"Read more about Puntuaciones Finca La Medina\">Read more<\/a><\/p>","protected":false},"author":2,"featured_media":0,"parent":0,"menu_order":0,"comment_status":"closed","ping_status":"closed","template":"elementor_header_footer","meta":{"inline_featured_image":false,"footnotes":""},"class_list":["post-8191","page","type-page","status-publish"],"_links":{"self":[{"href":"https:\/\/josepariente.com\/en_us\/wp-json\/wp\/v2\/pages\/8191","targetHints":{"allow":["GET"]}}],"collection":[{"href":"https:\/\/josepariente.com\/en_us\/wp-json\/wp\/v2\/pages"}],"about":[{"href":"https:\/\/josepariente.com\/en_us\/wp-json\/wp\/v2\/types\/page"}],"author":[{"embeddable":true,"href":"https:\/\/josepariente.com\/en_us\/wp-json\/wp\/v2\/users\/2"}],"replies":[{"embeddable":true,"href":"https:\/\/josepariente.com\/en_us\/wp-json\/wp\/v2\/comments?post=8191"}],"version-history":[{"count":10,"href":"https:\/\/josepariente.com\/en_us\/wp-json\/wp\/v2\/pages\/8191\/revisions"}],"predecessor-version":[{"id":14858,"href":"https:\/\/josepariente.com\/en_us\/wp-json\/wp\/v2\/pages\/8191\/revisions\/14858"}],"wp:attachment":[{"href":"https:\/\/josepariente.com\/en_us\/wp-json\/wp\/v2\/media?parent=8191"}],"curies":[{"name":"wp","href":"https:\/\/api.w.org\/{rel}","templated":true}]}}