{"id":6540,"date":"2023-05-03T12:44:30","date_gmt":"2023-05-03T12:44:30","guid":{"rendered":"https:\/\/josepariente.com\/?page_id=6540"},"modified":"2026-01-19T08:09:52","modified_gmt":"2026-01-19T08:09:52","slug":"proyectos","status":"publish","type":"page","link":"https:\/\/josepariente.com\/en_us\/proyectos\/","title":{"rendered":"proyectos"},"content":{"rendered":"<div data-elementor-type=\"wp-page\" data-elementor-id=\"6540\" class=\"elementor elementor-6540\" data-elementor-post-type=\"page\">\n\t\t\t\t\t\t<section class=\"elementor-section elementor-top-section elementor-element elementor-element-31a363f5 elementor-section-boxed elementor-section-height-default elementor-section-height-default elementor-invisible\" data-id=\"31a363f5\" data-element_type=\"section\" data-e-type=\"section\" data-settings=\"{&quot;jet_parallax_layout_list&quot;:[{&quot;_id&quot;:&quot;e12c6ae&quot;,&quot;jet_parallax_layout_image&quot;:{&quot;url&quot;:&quot;&quot;,&quot;id&quot;:&quot;&quot;,&quot;size&quot;:&quot;&quot;},&quot;jet_parallax_layout_image_tablet&quot;:{&quot;url&quot;:&quot;&quot;,&quot;id&quot;:&quot;&quot;,&quot;size&quot;:&quot;&quot;},&quot;jet_parallax_layout_image_mobile&quot;:{&quot;url&quot;:&quot;&quot;,&quot;id&quot;:&quot;&quot;,&quot;size&quot;:&quot;&quot;},&quot;jet_parallax_layout_speed&quot;:{&quot;unit&quot;:&quot;%&quot;,&quot;size&quot;:50,&quot;sizes&quot;:[]},&quot;jet_parallax_layout_type&quot;:&quot;scroll&quot;,&quot;jet_parallax_layout_direction&quot;:null,&quot;jet_parallax_layout_fx_direction&quot;:null,&quot;jet_parallax_layout_z_index&quot;:&quot;&quot;,&quot;jet_parallax_layout_bg_x&quot;:50,&quot;jet_parallax_layout_bg_x_tablet&quot;:&quot;&quot;,&quot;jet_parallax_layout_bg_x_mobile&quot;:&quot;&quot;,&quot;jet_parallax_layout_bg_y&quot;:50,&quot;jet_parallax_layout_bg_y_tablet&quot;:&quot;&quot;,&quot;jet_parallax_layout_bg_y_mobile&quot;:&quot;&quot;,&quot;jet_parallax_layout_bg_size&quot;:&quot;auto&quot;,&quot;jet_parallax_layout_bg_size_tablet&quot;:&quot;&quot;,&quot;jet_parallax_layout_bg_size_mobile&quot;:&quot;&quot;,&quot;jet_parallax_layout_animation_prop&quot;:&quot;transform&quot;,&quot;jet_parallax_layout_on&quot;:[&quot;desktop&quot;,&quot;tablet&quot;]}],&quot;motion_fx_motion_fx_scrolling&quot;:&quot;yes&quot;,&quot;motion_fx_translateY_effect&quot;:&quot;yes&quot;,&quot;motion_fx_translateY_speed&quot;:{&quot;unit&quot;:&quot;px&quot;,&quot;size&quot;:2,&quot;sizes&quot;:[]},&quot;animation&quot;:&quot;fadeInUp&quot;,&quot;motion_fx_translateY_affectedRange&quot;:{&quot;unit&quot;:&quot;%&quot;,&quot;size&quot;:&quot;&quot;,&quot;sizes&quot;:{&quot;start&quot;:0,&quot;end&quot;:100}},&quot;motion_fx_devices&quot;:[&quot;desktop&quot;,&quot;tablet&quot;,&quot;mobile&quot;]}\">\n\t\t\t\t\t\t<div class=\"elementor-container elementor-column-gap-default\">\n\t\t\t\t\t<div class=\"elementor-column elementor-col-100 elementor-top-column elementor-element elementor-element-5efbd35f\" data-id=\"5efbd35f\" data-element_type=\"column\" data-e-type=\"column\">\n\t\t\t<div class=\"elementor-widget-wrap\">\n\t\t\t\t\t\t\t<\/div>\n\t\t<\/div>\n\t\t\t\t\t<\/div>\n\t\t<\/section>\n\t\t\t\t<section class=\"elementor-section elementor-top-section elementor-element elementor-element-20ddc4d9 elementor-section-boxed elementor-section-height-default elementor-section-height-default\" data-id=\"20ddc4d9\" data-element_type=\"section\" data-e-type=\"section\" data-settings=\"{&quot;jet_parallax_layout_list&quot;:[{&quot;jet_parallax_layout_image&quot;:{&quot;url&quot;:&quot;&quot;,&quot;id&quot;:&quot;&quot;,&quot;size&quot;:&quot;&quot;},&quot;_id&quot;:&quot;25ce850&quot;,&quot;jet_parallax_layout_image_tablet&quot;:{&quot;url&quot;:&quot;&quot;,&quot;id&quot;:&quot;&quot;,&quot;size&quot;:&quot;&quot;},&quot;jet_parallax_layout_image_mobile&quot;:{&quot;url&quot;:&quot;&quot;,&quot;id&quot;:&quot;&quot;,&quot;size&quot;:&quot;&quot;},&quot;jet_parallax_layout_speed&quot;:{&quot;unit&quot;:&quot;%&quot;,&quot;size&quot;:50,&quot;sizes&quot;:[]},&quot;jet_parallax_layout_type&quot;:&quot;scroll&quot;,&quot;jet_parallax_layout_direction&quot;:null,&quot;jet_parallax_layout_fx_direction&quot;:null,&quot;jet_parallax_layout_z_index&quot;:&quot;&quot;,&quot;jet_parallax_layout_bg_x&quot;:50,&quot;jet_parallax_layout_bg_x_tablet&quot;:&quot;&quot;,&quot;jet_parallax_layout_bg_x_mobile&quot;:&quot;&quot;,&quot;jet_parallax_layout_bg_y&quot;:50,&quot;jet_parallax_layout_bg_y_tablet&quot;:&quot;&quot;,&quot;jet_parallax_layout_bg_y_mobile&quot;:&quot;&quot;,&quot;jet_parallax_layout_bg_size&quot;:&quot;auto&quot;,&quot;jet_parallax_layout_bg_size_tablet&quot;:&quot;&quot;,&quot;jet_parallax_layout_bg_size_mobile&quot;:&quot;&quot;,&quot;jet_parallax_layout_animation_prop&quot;:&quot;transform&quot;,&quot;jet_parallax_layout_on&quot;:[&quot;desktop&quot;,&quot;tablet&quot;]}]}\">\n\t\t\t\t\t\t<div class=\"elementor-container elementor-column-gap-default\">\n\t\t\t\t\t<div class=\"elementor-column elementor-col-100 elementor-top-column elementor-element elementor-element-76394968\" data-id=\"76394968\" data-element_type=\"column\" data-e-type=\"column\">\n\t\t\t<div class=\"elementor-widget-wrap elementor-element-populated\">\n\t\t\t\t\t\t<div class=\"elementor-element elementor-element-4549fb1c elementor-widget elementor-widget-heading\" data-id=\"4549fb1c\" data-element_type=\"widget\" data-e-type=\"widget\" data-widget_type=\"heading.default\">\n\t\t\t\t<div class=\"elementor-widget-container\">\n\t\t\t\t\t<h4 class=\"elementor-heading-title elementor-size-default\">Projects<\/h4>\t\t\t\t<\/div>\n\t\t\t\t<\/div>\n\t\t\t\t\t<\/div>\n\t\t<\/div>\n\t\t\t\t\t<\/div>\n\t\t<\/section>\n\t\t\t\t<section class=\"elementor-section elementor-inner-section elementor-element elementor-element-470b0824 elementor-section-boxed elementor-section-height-default elementor-section-height-default\" data-id=\"470b0824\" data-element_type=\"section\" data-e-type=\"section\" data-settings=\"{&quot;jet_parallax_layout_list&quot;:[{&quot;jet_parallax_layout_image&quot;:{&quot;url&quot;:&quot;&quot;,&quot;id&quot;:&quot;&quot;,&quot;size&quot;:&quot;&quot;},&quot;_id&quot;:&quot;062cec6&quot;,&quot;jet_parallax_layout_image_tablet&quot;:{&quot;url&quot;:&quot;&quot;,&quot;id&quot;:&quot;&quot;,&quot;size&quot;:&quot;&quot;},&quot;jet_parallax_layout_image_mobile&quot;:{&quot;url&quot;:&quot;&quot;,&quot;id&quot;:&quot;&quot;,&quot;size&quot;:&quot;&quot;},&quot;jet_parallax_layout_speed&quot;:{&quot;unit&quot;:&quot;%&quot;,&quot;size&quot;:50,&quot;sizes&quot;:[]},&quot;jet_parallax_layout_type&quot;:&quot;scroll&quot;,&quot;jet_parallax_layout_direction&quot;:null,&quot;jet_parallax_layout_fx_direction&quot;:null,&quot;jet_parallax_layout_z_index&quot;:&quot;&quot;,&quot;jet_parallax_layout_bg_x&quot;:50,&quot;jet_parallax_layout_bg_x_tablet&quot;:&quot;&quot;,&quot;jet_parallax_layout_bg_x_mobile&quot;:&quot;&quot;,&quot;jet_parallax_layout_bg_y&quot;:50,&quot;jet_parallax_layout_bg_y_tablet&quot;:&quot;&quot;,&quot;jet_parallax_layout_bg_y_mobile&quot;:&quot;&quot;,&quot;jet_parallax_layout_bg_size&quot;:&quot;auto&quot;,&quot;jet_parallax_layout_bg_size_tablet&quot;:&quot;&quot;,&quot;jet_parallax_layout_bg_size_mobile&quot;:&quot;&quot;,&quot;jet_parallax_layout_animation_prop&quot;:&quot;transform&quot;,&quot;jet_parallax_layout_on&quot;:[&quot;desktop&quot;,&quot;tablet&quot;]}],&quot;background_background&quot;:&quot;classic&quot;}\">\n\t\t\t\t\t\t<div class=\"elementor-container elementor-column-gap-default\">\n\t\t\t\t\t<div class=\"elementor-column elementor-col-50 elementor-inner-column elementor-element elementor-element-4633b0e5\" data-id=\"4633b0e5\" data-element_type=\"column\" data-e-type=\"column\">\n\t\t\t<div class=\"elementor-widget-wrap elementor-element-populated\">\n\t\t\t\t\t\t<div class=\"elementor-element elementor-element-2d896a2f elementor-widget elementor-widget-tp-button\" data-id=\"2d896a2f\" data-element_type=\"widget\" data-e-type=\"widget\" data-widget_type=\"tp-button.default\">\n\t\t\t\t<div class=\"elementor-widget-container\">\n\t\t\t\t\t<div class=\"pt-plus-button-wrapper   text-center\"><div class=\"button_parallax\" ><div id=\"button69ef1347b22a6\"  class=\"text-center ts-button content_hover_effect\" ><div class=\"pt_plus_button btn69ef1347b2083 button-style-10\"  ><div class=\"animted-content-inner\"><a href=\"https:\/\/josepariente.com\/wp-content\/uploads\/2026\/01\/EXPANSION-INTERNACIONAL-ALEMANIA.docx\" class=\"button-link-wrap\" role=\"button\" data-hover=\"PROYECTO DE EXPANSI\u00d3N INTERNACIONAL A ALEMANIA   OCTUBRE 2025 - NOVIEMBRE 2025\"  >PROYECTO DE EXPANSI\u00d3N INTERNACIONAL A ALEMANIA   OCTUBRE 2025 - NOVIEMBRE 2025<\/a><\/div><\/div><\/div><\/div><\/div>\t\t\t\t<\/div>\n\t\t\t\t<\/div>\n\t\t\t\t<div class=\"elementor-element elementor-element-3771772d elementor-widget elementor-widget-tp-button\" data-id=\"3771772d\" data-element_type=\"widget\" data-e-type=\"widget\" data-widget_type=\"tp-button.default\">\n\t\t\t\t<div class=\"elementor-widget-container\">\n\t\t\t\t\t<div class=\"pt-plus-button-wrapper   text-center\"><div class=\"button_parallax\" ><div id=\"button69ef1347b28cf\"  class=\"text-center ts-button content_hover_effect\" ><div class=\"pt_plus_button btn69ef1347b2734 button-style-10\"  ><div class=\"animted-content-inner\"><a href=\"https:\/\/josepariente.com\/wp-content\/uploads\/2025\/07\/Plantilla-web-PROWEIN-25.docx\" target=\"_blank\" class=\"button-link-wrap\" role=\"button\" data-hover=\"PARTICIPACI\u00d3N FERIAS INTERNACIONAL DE VINOS PROWEIN 2025 \u2013 D\u00dcSSELDORF (ALEMANIA)\"  >PARTICIPACI\u00d3N FERIAS INTERNACIONAL DE VINOS PROWEIN 2025 \u2013 D\u00dcSSELDORF (ALEMANIA)<\/a><\/div><\/div><\/div><\/div><\/div>\t\t\t\t<\/div>\n\t\t\t\t<\/div>\n\t\t\t\t<div class=\"elementor-element elementor-element-dca866c elementor-widget elementor-widget-tp-button\" data-id=\"dca866c\" data-element_type=\"widget\" data-e-type=\"widget\" data-widget_type=\"tp-button.default\">\n\t\t\t\t<div class=\"elementor-widget-container\">\n\t\t\t\t\t<div class=\"pt-plus-button-wrapper   text-center\"><div class=\"button_parallax\" ><div id=\"button69ef1347b2e01\"  class=\"text-center ts-button content_hover_effect\" ><div class=\"pt_plus_button btn69ef1347b2c78 button-style-10\"  ><div class=\"animted-content-inner\"><a href=\"https:\/\/josepariente.com\/wp-content\/uploads\/2024\/08\/Plantilla-Cartel-publicidad-Participacion-Expansion-Internacional-Islandia-Alemania-y-Polonia-24.docx\" target=\"_blank\" class=\"button-link-wrap\" role=\"button\" data-hover=\"PROYECTO DE EXPANSI\u00d3N INTERNACIONAL ABRIL 2024 \u2013 JUNIO 2024\"  >PROYECTO DE EXPANSI\u00d3N INTERNACIONAL ABRIL 2024 \u2013 JUNIO 2024<\/a><\/div><\/div><\/div><\/div><\/div>\t\t\t\t<\/div>\n\t\t\t\t<\/div>\n\t\t\t\t<div class=\"elementor-element elementor-element-4655d21 elementor-widget elementor-widget-tp-button\" data-id=\"4655d21\" data-element_type=\"widget\" data-e-type=\"widget\" data-widget_type=\"tp-button.default\">\n\t\t\t\t<div class=\"elementor-widget-container\">\n\t\t\t\t\t<div class=\"pt-plus-button-wrapper   text-center\"><div class=\"button_parallax\" ><div id=\"button69ef1347b331c\"  class=\"text-center ts-button content_hover_effect\" ><div class=\"pt_plus_button btn69ef1347b319d button-style-10\"  ><div class=\"animted-content-inner\"><a href=\"https:\/\/josepariente.com\/wp-content\/uploads\/2024\/08\/Plantilla-Cartel-publicidad-Participacion-en-Ferias-BBW-24.docx\" class=\"button-link-wrap\" role=\"button\" data-hover=\"PARTICIPACI\u00d3N EN FERIA INTERNACIONAL DE VINOS BARCELONA WINE WEEK 2024 \u2013 ESPA\u00d1A\"  >PARTICIPACI\u00d3N EN FERIA INTERNACIONAL DE VINOS BARCELONA WINE WEEK 2024 \u2013 ESPA\u00d1A<\/a><\/div><\/div><\/div><\/div><\/div>\t\t\t\t<\/div>\n\t\t\t\t<\/div>\n\t\t\t\t\t<\/div>\n\t\t<\/div>\n\t\t\t\t<div class=\"elementor-column elementor-col-50 elementor-inner-column elementor-element elementor-element-6df9aa15\" data-id=\"6df9aa15\" data-element_type=\"column\" data-e-type=\"column\">\n\t\t\t<div class=\"elementor-widget-wrap elementor-element-populated\">\n\t\t\t\t\t\t<div class=\"elementor-element elementor-element-28745b7 elementor-widget elementor-widget-tp-button\" data-id=\"28745b7\" data-element_type=\"widget\" data-e-type=\"widget\" data-widget_type=\"tp-button.default\">\n\t\t\t\t<div class=\"elementor-widget-container\">\n\t\t\t\t\t<div class=\"pt-plus-button-wrapper   text-center\"><div class=\"button_parallax\" ><div id=\"button69ef1347b3814\"  class=\"text-center ts-button content_hover_effect\" ><div class=\"pt_plus_button btn69ef1347b36a3 button-style-10\"  ><div class=\"animted-content-inner\"><a href=\"https:\/\/josepariente.com\/wp-content\/uploads\/2025\/12\/Proyectos-de-expansion-pymes-de-CyL.docx\" class=\"button-link-wrap\" role=\"button\" data-hover=\"PROYECTO DE EXPANSI\u00d3N A DINAMARCA, FRANCIA Y B\u00c9LGICA SEPTIEMBRE 2025 \u2013 DICIEMBRE 2025\"  >PROYECTO DE EXPANSI\u00d3N A DINAMARCA, FRANCIA Y B\u00c9LGICA SEPTIEMBRE 2025 \u2013 DICIEMBRE 2025<\/a><\/div><\/div><\/div><\/div><\/div>\t\t\t\t<\/div>\n\t\t\t\t<\/div>\n\t\t\t\t<div class=\"elementor-element elementor-element-b405343 elementor-widget elementor-widget-tp-button\" data-id=\"b405343\" data-element_type=\"widget\" data-e-type=\"widget\" data-widget_type=\"tp-button.default\">\n\t\t\t\t<div class=\"elementor-widget-container\">\n\t\t\t\t\t<div class=\"pt-plus-button-wrapper   text-center\"><div class=\"button_parallax\" ><div id=\"button69ef1347b3d3b\"  class=\"text-center ts-button content_hover_effect\" ><div class=\"pt_plus_button btn69ef1347b3bab button-style-10\"  ><div class=\"animted-content-inner\"><a href=\"https:\/\/josepariente.com\/wp-content\/uploads\/2025\/07\/Plantilla-web-BWW-25.docx\" class=\"button-link-wrap\" role=\"button\" data-hover=\"PARTICIPACI\u00d3N EN FERIA INTERNACIONAL DE VINOS BARCELONA WINE WEEK 2025 \u2013 ESPA\u00d1A\"  >PARTICIPACI\u00d3N EN FERIA INTERNACIONAL DE VINOS BARCELONA WINE WEEK 2025 \u2013 ESPA\u00d1A<\/a><\/div><\/div><\/div><\/div><\/div>\t\t\t\t<\/div>\n\t\t\t\t<\/div>\n\t\t\t\t<div class=\"elementor-element elementor-element-66f7747a elementor-widget elementor-widget-tp-button\" data-id=\"66f7747a\" data-element_type=\"widget\" data-e-type=\"widget\" data-widget_type=\"tp-button.default\">\n\t\t\t\t<div class=\"elementor-widget-container\">\n\t\t\t\t\t<div class=\"pt-plus-button-wrapper   text-center\"><div class=\"button_parallax\" ><div id=\"button69ef1347b4273\"  class=\"text-center ts-button content_hover_effect\" ><div class=\"pt_plus_button btn69ef1347b40dc button-style-10\"  ><div class=\"animted-content-inner\"><a href=\"https:\/\/josepariente.com\/wp-content\/uploads\/2024\/08\/Plantilla-Cartel-publicidad-Participacion-en-Ferias-PROWEIN-24.docx\" class=\"button-link-wrap\" role=\"button\" data-hover=\"PARTICIPACI\u00d3N EN FERIA INTERNACIONAL DE VINOS PROWEIN 2024 \u2013 D\u00dcSSELDORF (ALEMANIA)\"  >PARTICIPACI\u00d3N EN FERIA INTERNACIONAL DE VINOS PROWEIN 2024 \u2013 D\u00dcSSELDORF (ALEMANIA)<\/a><\/div><\/div><\/div><\/div><\/div>\t\t\t\t<\/div>\n\t\t\t\t<\/div>\n\t\t\t\t<div class=\"elementor-element elementor-element-19298caa elementor-widget elementor-widget-tp-button\" data-id=\"19298caa\" data-element_type=\"widget\" data-e-type=\"widget\" data-widget_type=\"tp-button.default\">\n\t\t\t\t<div class=\"elementor-widget-container\">\n\t\t\t\t\t<div class=\"pt-plus-button-wrapper   text-center\"><div class=\"button_parallax\" ><div id=\"button69ef1347b477c\"  class=\"text-center ts-button content_hover_effect\" ><div class=\"pt_plus_button btn69ef1347b45f5 button-style-10\"  ><div class=\"animted-content-inner\"><a href=\"https:\/\/josepariente.com\/wp-content\/uploads\/2023\/04\/Plantilla-Cartel-FERIA-PROWEIN-2023.docx\" class=\"button-link-wrap\" role=\"button\" data-hover=\"EXPANSI\u00d3N INTERNACIONAL DE LAS PYMES DE CASTILLA Y LE\u00d3N (FERIA PROWEIN 2023).\"  >EXPANSI\u00d3N INTERNACIONAL DE LAS PYMES DE CASTILLA Y LE\u00d3N (FERIA PROWEIN 2023).<\/a><\/div><\/div><\/div><\/div><\/div>\t\t\t\t<\/div>\n\t\t\t\t<\/div>\n\t\t\t\t\t<\/div>\n\t\t<\/div>\n\t\t\t\t\t<\/div>\n\t\t<\/section>\n\t\t\t\t<\/div>","protected":false},"excerpt":{"rendered":"<p>Proyectos PROYECTO DE EXPANSI\u00d3N INTERNACIONAL A ALEMANIA OCTUBRE 2025 &#8211; NOVIEMBRE 2025 PARTICIPACI\u00d3N FERIAS INTERNACIONAL DE VINOS PROWEIN 2025 \u2013 D\u00dcSSELDORF (ALEMANIA) PROYECTO DE EXPANSI\u00d3N INTERNACIONAL ABRIL 2024 \u2013 JUNIO 2024 PARTICIPACI\u00d3N EN FERIA INTERNACIONAL DE VINOS BARCELONA WINE WEEK 2024 \u2013 ESPA\u00d1A PROYECTO DE EXPANSI\u00d3N A DINAMARCA, FRANCIA Y B\u00c9LGICA SEPTIEMBRE 2025 \u2013 DICIEMBRE &#8230; <a title=\"proyectos\" class=\"read-more\" href=\"https:\/\/josepariente.com\/en_us\/proyectos\/\" aria-label=\"Read more about proyectos\">Read more<\/a><\/p>","protected":false},"author":2,"featured_media":0,"parent":0,"menu_order":0,"comment_status":"closed","ping_status":"closed","template":"elementor_header_footer","meta":{"inline_featured_image":false,"footnotes":""},"class_list":["post-6540","page","type-page","status-publish"],"_links":{"self":[{"href":"https:\/\/josepariente.com\/en_us\/wp-json\/wp\/v2\/pages\/6540","targetHints":{"allow":["GET"]}}],"collection":[{"href":"https:\/\/josepariente.com\/en_us\/wp-json\/wp\/v2\/pages"}],"about":[{"href":"https:\/\/josepariente.com\/en_us\/wp-json\/wp\/v2\/types\/page"}],"author":[{"embeddable":true,"href":"https:\/\/josepariente.com\/en_us\/wp-json\/wp\/v2\/users\/2"}],"replies":[{"embeddable":true,"href":"https:\/\/josepariente.com\/en_us\/wp-json\/wp\/v2\/comments?post=6540"}],"version-history":[{"count":10,"href":"https:\/\/josepariente.com\/en_us\/wp-json\/wp\/v2\/pages\/6540\/revisions"}],"predecessor-version":[{"id":17194,"href":"https:\/\/josepariente.com\/en_us\/wp-json\/wp\/v2\/pages\/6540\/revisions\/17194"}],"wp:attachment":[{"href":"https:\/\/josepariente.com\/en_us\/wp-json\/wp\/v2\/media?parent=6540"}],"curies":[{"name":"wp","href":"https:\/\/api.w.org\/{rel}","templated":true}]}}