{"id":17530,"date":"2026-03-20T07:45:28","date_gmt":"2026-03-20T07:45:28","guid":{"rendered":"https:\/\/josepariente.com\/?page_id=17530"},"modified":"2026-03-26T06:37:26","modified_gmt":"2026-03-26T06:37:26","slug":"trabajaconnosotros","status":"publish","type":"page","link":"https:\/\/josepariente.com\/en_us\/trabajaconnosotros\/","title":{"rendered":"Trabaja con nosotros"},"content":{"rendered":"<div data-elementor-type=\"wp-page\" data-elementor-id=\"17530\" class=\"elementor elementor-17530\" data-elementor-post-type=\"page\">\n\t\t\t\t\t\t<section class=\"elementor-section elementor-top-section elementor-element elementor-element-ed92215 elementor-section-full_width elementor-section-height-min-height elementor-section-content-middle elementor-section-height-default elementor-section-items-middle\" data-id=\"ed92215\" data-element_type=\"section\" data-e-type=\"section\" data-settings=\"{&quot;jet_parallax_layout_list&quot;:[],&quot;background_background&quot;:&quot;classic&quot;}\">\n\t\t\t\t\t\t\t<div class=\"elementor-background-overlay\"><\/div>\n\t\t\t\t\t\t\t<div class=\"elementor-container elementor-column-gap-default\">\n\t\t\t\t\t<div class=\"elementor-column elementor-col-100 elementor-top-column elementor-element elementor-element-a0b79b5\" data-id=\"a0b79b5\" data-element_type=\"column\" data-e-type=\"column\">\n\t\t\t<div class=\"elementor-widget-wrap elementor-element-populated\">\n\t\t\t\t\t\t<div class=\"elementor-element elementor-element-47050f1 elementor-widget elementor-widget-heading\" data-id=\"47050f1\" data-element_type=\"widget\" data-e-type=\"widget\" data-widget_type=\"heading.default\">\n\t\t\t\t<div class=\"elementor-widget-container\">\n\t\t\t\t\t<h2 class=\"elementor-heading-title elementor-size-default\">\u00bfQUIERES FORMAR PARTE DE NUESTRO EQUIPO?<\/h2>\t\t\t\t<\/div>\n\t\t\t\t<\/div>\n\t\t\t\t\t<\/div>\n\t\t<\/div>\n\t\t\t\t\t<\/div>\n\t\t<\/section>\n\t\t\t\t<section class=\"elementor-section elementor-top-section elementor-element elementor-element-c23ce9f elementor-section-boxed elementor-section-height-default elementor-section-height-default\" data-id=\"c23ce9f\" data-element_type=\"section\" data-e-type=\"section\" data-settings=\"{&quot;jet_parallax_layout_list&quot;:[]}\">\n\t\t\t\t\t\t<div class=\"elementor-container elementor-column-gap-default\">\n\t\t\t\t\t<div class=\"elementor-column elementor-col-100 elementor-top-column elementor-element elementor-element-04be8cb\" data-id=\"04be8cb\" data-element_type=\"column\" data-e-type=\"column\">\n\t\t\t<div class=\"elementor-widget-wrap elementor-element-populated\">\n\t\t\t\t\t\t<div class=\"elementor-element elementor-element-77a15c3 elementor-widget elementor-widget-text-editor\" data-id=\"77a15c3\" data-element_type=\"widget\" data-e-type=\"widget\" data-widget_type=\"text-editor.default\">\n\t\t\t\t<div class=\"elementor-widget-container\">\n\t\t\t\t\t\t\t\t\t<blockquote data-start=\"462\" data-end=\"583\"><p data-start=\"464\" data-end=\"583\">Buscamos personas con talento, inquietud y motivaci\u00f3n por desarrollarse en un proyecto donde la calidad, la autenticidad y la excelencia, marcan el camino<\/p><\/blockquote>\t\t\t\t\t\t\t\t<\/div>\n\t\t\t\t<\/div>\n\t\t\t\t\t<\/div>\n\t\t<\/div>\n\t\t\t\t\t<\/div>\n\t\t<\/section>\n\t\t\t\t<section class=\"elementor-section elementor-top-section elementor-element elementor-element-4887530 elementor-section-boxed elementor-section-height-default elementor-section-height-default\" data-id=\"4887530\" data-element_type=\"section\" data-e-type=\"section\" data-settings=\"{&quot;jet_parallax_layout_list&quot;:[],&quot;background_background&quot;:&quot;classic&quot;}\">\n\t\t\t\t\t\t<div class=\"elementor-container elementor-column-gap-default\">\n\t\t\t\t\t<div class=\"elementor-column elementor-col-100 elementor-top-column elementor-element elementor-element-dbc83c4\" data-id=\"dbc83c4\" data-element_type=\"column\" data-e-type=\"column\">\n\t\t\t<div class=\"elementor-widget-wrap elementor-element-populated\">\n\t\t\t\t\t\t<section class=\"elementor-section elementor-inner-section elementor-element elementor-element-37db367 elementor-section-boxed elementor-section-height-default elementor-section-height-default\" data-id=\"37db367\" data-element_type=\"section\" data-e-type=\"section\" data-settings=\"{&quot;jet_parallax_layout_list&quot;:[]}\">\n\t\t\t\t\t\t<div class=\"elementor-container elementor-column-gap-default\">\n\t\t\t\t\t<div class=\"elementor-column elementor-col-50 elementor-inner-column elementor-element elementor-element-5a5d10c\" data-id=\"5a5d10c\" data-element_type=\"column\" data-e-type=\"column\">\n\t\t\t<div class=\"elementor-widget-wrap elementor-element-populated\">\n\t\t\t\t\t\t<div class=\"elementor-element elementor-element-1a0123e elementor-widget elementor-widget-text-editor\" data-id=\"1a0123e\" data-element_type=\"widget\" data-e-type=\"widget\" data-widget_type=\"text-editor.default\">\n\t\t\t\t<div class=\"elementor-widget-container\">\n\t\t\t\t\t\t\t\t\t<p><span style=\"color: #b7a150;\"><strong>\u00bfPOR QU\u00c9 TRABAJAR CON NOSOTROS?<\/strong><\/span><\/p><p><span style=\"text-decoration: underline;\"><strong>Pasi\u00f3n por el vino<\/strong> <\/span><\/p><p>Trabajar\u00e1s en un entorno donde el vino es cultura, innovaci\u00f3n y excelencia.\u00a0<\/p><p><span style=\"text-decoration: underline;\"><strong> Equipo cercano<\/strong><\/span><\/p><p>Fomentamos un ambiente colaborativo, donde cada persona aporta y crece.<\/p><p><span style=\"text-decoration: underline;\"><strong>Compromiso sostenible<\/strong><\/span><\/p><p>Cuidamos el entorno y apostamos por pr\u00e1cticas responsables.\u00a0<\/p><p><span style=\"text-decoration: underline;\"><strong> Desarrollo profesional<\/strong><\/span><\/p><p>Impulsamos el aprendizaje continuo y el crecimiento dentro de la bodega.<\/p><p>\u00a0<\/p>\t\t\t\t\t\t\t\t<\/div>\n\t\t\t\t<\/div>\n\t\t\t\t\t<\/div>\n\t\t<\/div>\n\t\t\t\t<div class=\"elementor-column elementor-col-50 elementor-inner-column elementor-element elementor-element-bcfcf40\" data-id=\"bcfcf40\" data-element_type=\"column\" data-e-type=\"column\">\n\t\t\t<div class=\"elementor-widget-wrap elementor-element-populated\">\n\t\t\t\t\t\t<div class=\"elementor-element elementor-element-ca36ecc elementor-widget elementor-widget-image\" data-id=\"ca36ecc\" data-element_type=\"widget\" data-e-type=\"widget\" data-widget_type=\"image.default\">\n\t\t\t\t<div class=\"elementor-widget-container\">\n\t\t\t\t\t\t\t\t\t\t\t\t\t\t\t<img fetchpriority=\"high\" decoding=\"async\" width=\"1024\" height=\"683\" src=\"https:\/\/josepariente.com\/wp-content\/uploads\/2026\/03\/sacristia-pariente7.webp\" class=\"attachment-large size-large wp-image-17615\" alt=\"sacristia\" \/>\t\t\t\t\t\t\t\t\t\t\t\t\t\t\t<\/div>\n\t\t\t\t<\/div>\n\t\t\t\t\t<\/div>\n\t\t<\/div>\n\t\t\t\t\t<\/div>\n\t\t<\/section>\n\t\t\t\t\t<\/div>\n\t\t<\/div>\n\t\t\t\t\t<\/div>\n\t\t<\/section>\n\t\t\t\t<section class=\"elementor-section elementor-top-section elementor-element elementor-element-362b6d4 #terruno-jp elementor-section-boxed elementor-section-height-default elementor-section-height-default\" data-id=\"362b6d4\" data-element_type=\"section\" data-e-type=\"section\" id=\"#terruno-jp\" data-settings=\"{&quot;jet_parallax_layout_list&quot;:[]}\">\n\t\t\t\t\t\t<div class=\"elementor-container elementor-column-gap-default\">\n\t\t\t\t\t<div class=\"elementor-column elementor-col-100 elementor-top-column elementor-element elementor-element-5f1bc73\" data-id=\"5f1bc73\" data-element_type=\"column\" data-e-type=\"column\">\n\t\t\t<div class=\"elementor-widget-wrap elementor-element-populated\">\n\t\t\t\t\t\t<div class=\"elementor-element elementor-element-7eb3bef elementor-widget elementor-widget-text-editor\" data-id=\"7eb3bef\" data-element_type=\"widget\" data-e-type=\"widget\" data-widget_type=\"text-editor.default\">\n\t\t\t\t<div class=\"elementor-widget-container\">\n\t\t\t\t\t\t\t\t\t<p>CONSULTA LAS\u00a0<strong>PLAZAS VACANTES<\/strong> Y ENCUENTRA TU LUGAR EN EL EQUIPO<\/p>\t\t\t\t\t\t\t\t<\/div>\n\t\t\t\t<\/div>\n\t\t\t\t<section class=\"elementor-section elementor-inner-section elementor-element elementor-element-a6fe5e8 elementor-section-boxed elementor-section-height-default elementor-section-height-default\" data-id=\"a6fe5e8\" data-element_type=\"section\" data-e-type=\"section\" data-settings=\"{&quot;jet_parallax_layout_list&quot;:[]}\">\n\t\t\t\t\t\t<div class=\"elementor-container elementor-column-gap-default\">\n\t\t\t\t\t<div class=\"elementor-column elementor-col-50 elementor-inner-column elementor-element elementor-element-cb6f9cd\" data-id=\"cb6f9cd\" data-element_type=\"column\" data-e-type=\"column\">\n\t\t\t<div class=\"elementor-widget-wrap elementor-element-populated\">\n\t\t\t\t\t\t<div class=\"elementor-element elementor-element-7ed1a0d elementor-align-center elementor-widget elementor-widget-button\" data-id=\"7ed1a0d\" data-element_type=\"widget\" data-e-type=\"widget\" data-widget_type=\"button.default\">\n\t\t\t\t<div class=\"elementor-widget-container\">\n\t\t\t\t\t\t\t\t\t<div class=\"elementor-button-wrapper\">\n\t\t\t\t\t<a class=\"elementor-button elementor-button-link elementor-size-sm\" href=\"https:\/\/bodegasjosepariente.factorial.es\/#jobs\" target=\"_blank\" rel=\"noopener\">\n\t\t\t\t\t\t<span class=\"elementor-button-content-wrapper\">\n\t\t\t\t\t\t\t\t\t<span class=\"elementor-button-text\">VER OFERTAS ACTUALES<\/span>\n\t\t\t\t\t<\/span>\n\t\t\t\t\t<\/a>\n\t\t\t\t<\/div>\n\t\t\t\t\t\t\t\t<\/div>\n\t\t\t\t<\/div>\n\t\t\t\t\t<\/div>\n\t\t<\/div>\n\t\t\t\t<div class=\"elementor-column elementor-col-50 elementor-inner-column elementor-element elementor-element-b664acb\" data-id=\"b664acb\" data-element_type=\"column\" data-e-type=\"column\">\n\t\t\t<div class=\"elementor-widget-wrap elementor-element-populated\">\n\t\t\t\t\t\t<div class=\"elementor-element elementor-element-5f1a6a0 elementor-align-center elementor-widget elementor-widget-button\" data-id=\"5f1a6a0\" data-element_type=\"widget\" data-e-type=\"widget\" data-widget_type=\"button.default\">\n\t\t\t\t<div class=\"elementor-widget-container\">\n\t\t\t\t\t\t\t\t\t<div class=\"elementor-button-wrapper\">\n\t\t\t\t\t<a class=\"elementor-button elementor-button-link elementor-size-sm\" href=\"mailto:rrhh@josepariente.com?subject=Solicitud%20de%20empleo\" target=\"_blank\">\n\t\t\t\t\t\t<span class=\"elementor-button-content-wrapper\">\n\t\t\t\t\t\t\t\t\t<span class=\"elementor-button-text\">SOLICITA M\u00c1S INFORMACI\u00d3N<\/span>\n\t\t\t\t\t<\/span>\n\t\t\t\t\t<\/a>\n\t\t\t\t<\/div>\n\t\t\t\t\t\t\t\t<\/div>\n\t\t\t\t<\/div>\n\t\t\t\t\t<\/div>\n\t\t<\/div>\n\t\t\t\t\t<\/div>\n\t\t<\/section>\n\t\t\t\t<div class=\"elementor-element elementor-element-237eb60 elementor-widget elementor-widget-text-editor\" data-id=\"237eb60\" data-element_type=\"widget\" data-e-type=\"widget\" data-widget_type=\"text-editor.default\">\n\t\t\t\t<div class=\"elementor-widget-container\">\n\t\t\t\t\t\t\t\t\t<p>Nuestra manera de entender el vino est\u00e1 inseparablemente ligada al <b>respeto <\/b>por nuestro entorno y por las <b>personas <\/b>que lo hacen posible<\/p>\t\t\t\t\t\t\t\t<\/div>\n\t\t\t\t<\/div>\n\t\t\t\t\t<\/div>\n\t\t<\/div>\n\t\t\t\t\t<\/div>\n\t\t<\/section>\n\t\t\t\t<\/div>","protected":false},"excerpt":{"rendered":"<p>\u00bfQUIERES FORMAR PARTE DE NUESTRO EQUIPO? Buscamos personas con talento, inquietud y motivaci\u00f3n por desarrollarse en un proyecto donde la calidad, la autenticidad y la excelencia, marcan el camino \u00bfPOR QU\u00c9 TRABAJAR CON NOSOTROS? Pasi\u00f3n por el vino Trabajar\u00e1s en un entorno donde el vino es cultura, innovaci\u00f3n y excelencia.\u00a0 Equipo cercano Fomentamos un ambiente &#8230; <a title=\"Trabaja con nosotros\" class=\"read-more\" href=\"https:\/\/josepariente.com\/en_us\/trabajaconnosotros\/\" aria-label=\"Read more about Trabaja con nosotros\">Read more<\/a><\/p>","protected":false},"author":2,"featured_media":0,"parent":0,"menu_order":0,"comment_status":"closed","ping_status":"closed","template":"elementor_header_footer","meta":{"inline_featured_image":false,"footnotes":""},"class_list":["post-17530","page","type-page","status-publish"],"_links":{"self":[{"href":"https:\/\/josepariente.com\/en_us\/wp-json\/wp\/v2\/pages\/17530","targetHints":{"allow":["GET"]}}],"collection":[{"href":"https:\/\/josepariente.com\/en_us\/wp-json\/wp\/v2\/pages"}],"about":[{"href":"https:\/\/josepariente.com\/en_us\/wp-json\/wp\/v2\/types\/page"}],"author":[{"embeddable":true,"href":"https:\/\/josepariente.com\/en_us\/wp-json\/wp\/v2\/users\/2"}],"replies":[{"embeddable":true,"href":"https:\/\/josepariente.com\/en_us\/wp-json\/wp\/v2\/comments?post=17530"}],"version-history":[{"count":10,"href":"https:\/\/josepariente.com\/en_us\/wp-json\/wp\/v2\/pages\/17530\/revisions"}],"predecessor-version":[{"id":17688,"href":"https:\/\/josepariente.com\/en_us\/wp-json\/wp\/v2\/pages\/17530\/revisions\/17688"}],"wp:attachment":[{"href":"https:\/\/josepariente.com\/en_us\/wp-json\/wp\/v2\/media?parent=17530"}],"curies":[{"name":"wp","href":"https:\/\/api.w.org\/{rel}","templated":true}]}}