{"id":1280,"date":"2020-07-14T10:37:57","date_gmt":"2020-07-14T10:37:57","guid":{"rendered":"https:\/\/josepariente.com\/?page_id=1280"},"modified":"2025-09-26T12:38:46","modified_gmt":"2025-09-26T12:38:46","slug":"calidad-y-seguridad","status":"publish","type":"page","link":"https:\/\/josepariente.com\/en_us\/calidad-y-seguridad\/","title":{"rendered":"Quality and safety"},"content":{"rendered":"<div data-elementor-type=\"wp-page\" data-elementor-id=\"1280\" class=\"elementor elementor-1280\" data-elementor-post-type=\"page\">\n\t\t\t\t\t\t<section class=\"elementor-section elementor-top-section elementor-element elementor-element-03d09d5 elementor-section-boxed elementor-section-height-default elementor-section-height-default\" data-id=\"03d09d5\" data-element_type=\"section\" data-e-type=\"section\" data-settings=\"{&quot;jet_parallax_layout_list&quot;:[]}\">\n\t\t\t\t\t\t<div class=\"elementor-container elementor-column-gap-default\">\n\t\t\t\t\t<div class=\"elementor-column elementor-col-100 elementor-top-column elementor-element elementor-element-10b8efd\" data-id=\"10b8efd\" data-element_type=\"column\" data-e-type=\"column\">\n\t\t\t<div class=\"elementor-widget-wrap elementor-element-populated\">\n\t\t\t\t\t\t<div class=\"elementor-element elementor-element-3559512 elementor-widget elementor-widget-heading\" data-id=\"3559512\" data-element_type=\"widget\" data-e-type=\"widget\" data-widget_type=\"heading.default\">\n\t\t\t\t<div class=\"elementor-widget-container\">\n\t\t\t\t\t<h2 class=\"elementor-heading-title elementor-size-default\">POL\u00cdTICA DE CALIDAD ALIMENTARIA<\/h2>\t\t\t\t<\/div>\n\t\t\t\t<\/div>\n\t\t\t\t\t<\/div>\n\t\t<\/div>\n\t\t\t\t\t<\/div>\n\t\t<\/section>\n\t\t\t\t<section class=\"elementor-section elementor-top-section elementor-element elementor-element-f53e0b1 elementor-section-content-middle elementor-section-boxed elementor-section-height-default elementor-section-height-default\" data-id=\"f53e0b1\" data-element_type=\"section\" data-e-type=\"section\" data-settings=\"{&quot;jet_parallax_layout_list&quot;:[{&quot;jet_parallax_layout_image&quot;:{&quot;url&quot;:&quot;&quot;,&quot;id&quot;:&quot;&quot;,&quot;size&quot;:&quot;&quot;},&quot;_id&quot;:&quot;3e369ba&quot;,&quot;jet_parallax_layout_image_tablet&quot;:{&quot;url&quot;:&quot;&quot;,&quot;id&quot;:&quot;&quot;,&quot;size&quot;:&quot;&quot;},&quot;jet_parallax_layout_image_mobile&quot;:{&quot;url&quot;:&quot;&quot;,&quot;id&quot;:&quot;&quot;,&quot;size&quot;:&quot;&quot;},&quot;jet_parallax_layout_speed&quot;:{&quot;unit&quot;:&quot;%&quot;,&quot;size&quot;:50,&quot;sizes&quot;:[]},&quot;jet_parallax_layout_type&quot;:&quot;scroll&quot;,&quot;jet_parallax_layout_direction&quot;:null,&quot;jet_parallax_layout_fx_direction&quot;:null,&quot;jet_parallax_layout_z_index&quot;:&quot;&quot;,&quot;jet_parallax_layout_bg_x&quot;:50,&quot;jet_parallax_layout_bg_x_tablet&quot;:&quot;&quot;,&quot;jet_parallax_layout_bg_x_mobile&quot;:&quot;&quot;,&quot;jet_parallax_layout_bg_y&quot;:50,&quot;jet_parallax_layout_bg_y_tablet&quot;:&quot;&quot;,&quot;jet_parallax_layout_bg_y_mobile&quot;:&quot;&quot;,&quot;jet_parallax_layout_bg_size&quot;:&quot;auto&quot;,&quot;jet_parallax_layout_bg_size_tablet&quot;:&quot;&quot;,&quot;jet_parallax_layout_bg_size_mobile&quot;:&quot;&quot;,&quot;jet_parallax_layout_animation_prop&quot;:&quot;transform&quot;,&quot;jet_parallax_layout_on&quot;:[&quot;desktop&quot;,&quot;tablet&quot;]}]}\">\n\t\t\t\t\t\t<div class=\"elementor-container elementor-column-gap-wide\">\n\t\t\t\t\t<div class=\"elementor-column elementor-col-100 elementor-top-column elementor-element elementor-element-caab4cd\" data-id=\"caab4cd\" data-element_type=\"column\" data-e-type=\"column\">\n\t\t\t<div class=\"elementor-widget-wrap elementor-element-populated\">\n\t\t\t\t\t\t<div class=\"elementor-element elementor-element-0e9ff65 elementor-widget elementor-widget-text-editor\" data-id=\"0e9ff65\" data-element_type=\"widget\" data-e-type=\"widget\" data-widget_type=\"text-editor.default\">\n\t\t\t\t<div class=\"elementor-widget-container\">\n\t\t\t\t\t\t\t\t\t<p>Bodegas Jos\u00e9 Pariente, desde su fundaci\u00f3n, ha realizado y mantiene una decidida<strong> apuesta por la calidad y seguridad<\/strong> alimentaria del vino elaborado y embotellado. Para ello, se asienta en los siguientes pilares:<\/p><ul><li>La gesti\u00f3n de la Calidad y de la Seguridad Alimentaria, como principios b\u00e1sicos de la empresa, estableciendo y desarrollando un sistema que se fundamenta en el protocolo <a href=\"https:\/\/josepariente.com\/wp-content\/uploads\/2025\/09\/FSSC-22000-jose-pariente.png\"><span style=\"text-decoration: underline;\"><strong>FSSC 22000<\/strong><\/span><\/a>.<\/li><li>Cumplimiento con la obligaci\u00f3n de producir alimentos seguros, legales y veraces. Y comprometidos en todos los estamentos de la organizaci\u00f3n, con la cultura de seguridad alimentaria.<\/li><li>Empe\u00f1o en satisfacer y mejorar las expectativas de nuestros clientes, mediante el cumplimiento tanto de los requisitos establecidos por ellos, como de los propios requisitos del producto, entre los que se encuentra los legales y reglamentarios.<\/li><li>Compromiso \u00e9tico y transparencia en nuestro comportamiento empresarial.<\/li><li>Compromiso con el desarrollo de la actividad de forma respetuosa con el medio ambiente y con la protecci\u00f3n del entorno.<\/li><li>Compromiso con la salud, la seguridad y el desarrollo profesional y humano de los trabajadores.<\/li><li>Compromiso con el desarrollo social, la creaci\u00f3n de valor y crecimiento y excelencia operacional. Todos los puntos anteriores estableciendo y desarrollando un sistema que se fundamenta en el protocolo de la certificaci\u00f3n de sostenibilidad integral <a href=\"https:\/\/josepariente.com\/wp-content\/uploads\/2024\/07\/SWFCP_pariente.png\"><span style=\"text-decoration: underline;\"><strong>Sustainable\u00a0Wineries For Climate Protection<\/strong><\/span><\/a>. <a href=\"https:\/\/www.fev.es\/fev\/sustainable-wineries-for-climate-protection\/que-es-swfcp_319_1_ap.html\" target=\"_blank\" rel=\"noopener\">(SWfcP)<\/a><\/li><li>Mejora continua de nuestros procesos, productos y servicios, y, por tanto, de la eficacia del sistema de calidad y seguridad alimentaria.<\/li><\/ul><p>Para ello, la Direcci\u00f3n de Jos\u00e9 Pariente invita a todo el personal a buscar una mejora continua en el trabajo diario, colaborando as\u00ed a que el Sistema de Calidad y Seguridad Alimentaria sea efectivo y con ello consigamos un mayor reconocimiento de nuestro trabajo y esfuerzo, mediante una mayor satisfacci\u00f3n del cliente, y el reconocimiento internacional de la calidad de nuestros productos.<\/p>\t\t\t\t\t\t\t\t<\/div>\n\t\t\t\t<\/div>\n\t\t\t\t<div class=\"elementor-element elementor-element-ec34618 elementor-widget elementor-widget-image\" data-id=\"ec34618\" data-element_type=\"widget\" data-e-type=\"widget\" data-widget_type=\"image.default\">\n\t\t\t\t<div class=\"elementor-widget-container\">\n\t\t\t\t\t\t\t\t\t\t\t\t\t\t\t<img decoding=\"async\" width=\"300\" height=\"160\" src=\"https:\/\/josepariente.com\/wp-content\/uploads\/2025\/07\/Captura-de-pantalla-2025-07-09-142720.png\" class=\"attachment-medium size-medium wp-image-15824\" alt=\"\" \/>\t\t\t\t\t\t\t\t\t\t\t\t\t\t\t<\/div>\n\t\t\t\t<\/div>\n\t\t\t\t\t<\/div>\n\t\t<\/div>\n\t\t\t\t\t<\/div>\n\t\t<\/section>\n\t\t\t\t<\/div>","protected":false},"excerpt":{"rendered":"<p>POL\u00cdTICA DE CALIDAD ALIMENTARIA Bodegas Jos\u00e9 Pariente, desde su fundaci\u00f3n, ha realizado y mantiene una decidida apuesta por la calidad y seguridad alimentaria del vino elaborado y embotellado. Para ello, se asienta en los siguientes pilares: La gesti\u00f3n de la Calidad y de la Seguridad Alimentaria, como principios b\u00e1sicos de la empresa, estableciendo y desarrollando &#8230; <a title=\"Quality and safety\" class=\"read-more\" href=\"https:\/\/josepariente.com\/en_us\/calidad-y-seguridad\/\" aria-label=\"Read more about Calidad y seguridad\">Read more<\/a><\/p>","protected":false},"author":1,"featured_media":0,"parent":0,"menu_order":0,"comment_status":"closed","ping_status":"closed","template":"elementor_header_footer","meta":{"inline_featured_image":false,"footnotes":""},"class_list":["post-1280","page","type-page","status-publish"],"_links":{"self":[{"href":"https:\/\/josepariente.com\/en_us\/wp-json\/wp\/v2\/pages\/1280","targetHints":{"allow":["GET"]}}],"collection":[{"href":"https:\/\/josepariente.com\/en_us\/wp-json\/wp\/v2\/pages"}],"about":[{"href":"https:\/\/josepariente.com\/en_us\/wp-json\/wp\/v2\/types\/page"}],"author":[{"embeddable":true,"href":"https:\/\/josepariente.com\/en_us\/wp-json\/wp\/v2\/users\/1"}],"replies":[{"embeddable":true,"href":"https:\/\/josepariente.com\/en_us\/wp-json\/wp\/v2\/comments?post=1280"}],"version-history":[{"count":10,"href":"https:\/\/josepariente.com\/en_us\/wp-json\/wp\/v2\/pages\/1280\/revisions"}],"predecessor-version":[{"id":16318,"href":"https:\/\/josepariente.com\/en_us\/wp-json\/wp\/v2\/pages\/1280\/revisions\/16318"}],"wp:attachment":[{"href":"https:\/\/josepariente.com\/en_us\/wp-json\/wp\/v2\/media?parent=1280"}],"curies":[{"name":"wp","href":"https:\/\/api.w.org\/{rel}","templated":true}]}}