{"id":1261,"date":"2020-07-14T10:13:44","date_gmt":"2020-07-14T10:13:44","guid":{"rendered":"https:\/\/josepariente.com\/?page_id=1261"},"modified":"2025-02-21T10:51:54","modified_gmt":"2025-02-21T10:51:54","slug":"aviso-legal","status":"publish","type":"page","link":"https:\/\/josepariente.com\/en_us\/aviso-legal\/","title":{"rendered":"Legal Notice"},"content":{"rendered":"\t\t<div data-elementor-type=\"wp-page\" data-elementor-id=\"1261\" class=\"elementor elementor-1261\" data-elementor-post-type=\"page\">\n\t\t\t\t\t\t<section class=\"elementor-section elementor-top-section elementor-element elementor-element-32f8c6b elementor-section-height-min-height elementor-section-boxed elementor-section-height-default elementor-section-items-middle\" data-id=\"32f8c6b\" data-element_type=\"section\" data-e-type=\"section\" data-settings=\"{&quot;jet_parallax_layout_list&quot;:[{&quot;jet_parallax_layout_image&quot;:{&quot;url&quot;:&quot;&quot;,&quot;id&quot;:&quot;&quot;,&quot;size&quot;:&quot;&quot;},&quot;_id&quot;:&quot;eb8edc7&quot;,&quot;jet_parallax_layout_image_tablet&quot;:{&quot;url&quot;:&quot;&quot;,&quot;id&quot;:&quot;&quot;,&quot;size&quot;:&quot;&quot;},&quot;jet_parallax_layout_image_mobile&quot;:{&quot;url&quot;:&quot;&quot;,&quot;id&quot;:&quot;&quot;,&quot;size&quot;:&quot;&quot;},&quot;jet_parallax_layout_speed&quot;:{&quot;unit&quot;:&quot;%&quot;,&quot;size&quot;:50,&quot;sizes&quot;:[]},&quot;jet_parallax_layout_type&quot;:&quot;scroll&quot;,&quot;jet_parallax_layout_direction&quot;:null,&quot;jet_parallax_layout_fx_direction&quot;:null,&quot;jet_parallax_layout_z_index&quot;:&quot;&quot;,&quot;jet_parallax_layout_bg_x&quot;:50,&quot;jet_parallax_layout_bg_x_tablet&quot;:&quot;&quot;,&quot;jet_parallax_layout_bg_x_mobile&quot;:&quot;&quot;,&quot;jet_parallax_layout_bg_y&quot;:50,&quot;jet_parallax_layout_bg_y_tablet&quot;:&quot;&quot;,&quot;jet_parallax_layout_bg_y_mobile&quot;:&quot;&quot;,&quot;jet_parallax_layout_bg_size&quot;:&quot;auto&quot;,&quot;jet_parallax_layout_bg_size_tablet&quot;:&quot;&quot;,&quot;jet_parallax_layout_bg_size_mobile&quot;:&quot;&quot;,&quot;jet_parallax_layout_animation_prop&quot;:&quot;transform&quot;,&quot;jet_parallax_layout_on&quot;:[&quot;desktop&quot;,&quot;tablet&quot;]}],&quot;background_background&quot;:&quot;classic&quot;}\">\n\t\t\t\t\t\t\t<div class=\"elementor-background-overlay\"><\/div>\n\t\t\t\t\t\t\t<div class=\"elementor-container elementor-column-gap-default\">\n\t\t\t\t\t<div class=\"elementor-column elementor-col-100 elementor-top-column elementor-element elementor-element-e291e07\" data-id=\"e291e07\" data-element_type=\"column\" data-e-type=\"column\">\n\t\t\t<div class=\"elementor-widget-wrap elementor-element-populated\">\n\t\t\t\t\t\t<div class=\"elementor-element elementor-element-66b2850 elementor-widget elementor-widget-heading\" data-id=\"66b2850\" data-element_type=\"widget\" data-e-type=\"widget\" data-widget_type=\"heading.default\">\n\t\t\t\t<div class=\"elementor-widget-container\">\n\t\t\t\t\t<h5 class=\"elementor-heading-title elementor-size-default\">AVISO LEGAL<\/h5>\t\t\t\t<\/div>\n\t\t\t\t<\/div>\n\t\t\t\t\t<\/div>\n\t\t<\/div>\n\t\t\t\t\t<\/div>\n\t\t<\/section>\n\t\t\t\t<section class=\"elementor-section elementor-top-section elementor-element elementor-element-f53e0b1 elementor-section-boxed elementor-section-height-default elementor-section-height-default\" data-id=\"f53e0b1\" data-element_type=\"section\" data-e-type=\"section\" data-settings=\"{&quot;jet_parallax_layout_list&quot;:[{&quot;jet_parallax_layout_image&quot;:{&quot;url&quot;:&quot;&quot;,&quot;id&quot;:&quot;&quot;,&quot;size&quot;:&quot;&quot;},&quot;_id&quot;:&quot;3e369ba&quot;,&quot;jet_parallax_layout_image_tablet&quot;:{&quot;url&quot;:&quot;&quot;,&quot;id&quot;:&quot;&quot;,&quot;size&quot;:&quot;&quot;},&quot;jet_parallax_layout_image_mobile&quot;:{&quot;url&quot;:&quot;&quot;,&quot;id&quot;:&quot;&quot;,&quot;size&quot;:&quot;&quot;},&quot;jet_parallax_layout_speed&quot;:{&quot;unit&quot;:&quot;%&quot;,&quot;size&quot;:50,&quot;sizes&quot;:[]},&quot;jet_parallax_layout_type&quot;:&quot;scroll&quot;,&quot;jet_parallax_layout_direction&quot;:null,&quot;jet_parallax_layout_fx_direction&quot;:null,&quot;jet_parallax_layout_z_index&quot;:&quot;&quot;,&quot;jet_parallax_layout_bg_x&quot;:50,&quot;jet_parallax_layout_bg_x_tablet&quot;:&quot;&quot;,&quot;jet_parallax_layout_bg_x_mobile&quot;:&quot;&quot;,&quot;jet_parallax_layout_bg_y&quot;:50,&quot;jet_parallax_layout_bg_y_tablet&quot;:&quot;&quot;,&quot;jet_parallax_layout_bg_y_mobile&quot;:&quot;&quot;,&quot;jet_parallax_layout_bg_size&quot;:&quot;auto&quot;,&quot;jet_parallax_layout_bg_size_tablet&quot;:&quot;&quot;,&quot;jet_parallax_layout_bg_size_mobile&quot;:&quot;&quot;,&quot;jet_parallax_layout_animation_prop&quot;:&quot;transform&quot;,&quot;jet_parallax_layout_on&quot;:[&quot;desktop&quot;,&quot;tablet&quot;]}]}\">\n\t\t\t\t\t\t<div class=\"elementor-container elementor-column-gap-default\">\n\t\t\t\t\t<div class=\"elementor-column elementor-col-100 elementor-top-column elementor-element elementor-element-caab4cd\" data-id=\"caab4cd\" data-element_type=\"column\" data-e-type=\"column\">\n\t\t\t<div class=\"elementor-widget-wrap elementor-element-populated\">\n\t\t\t\t\t\t<div class=\"elementor-element elementor-element-0e9ff65 elementor-widget elementor-widget-text-editor\" data-id=\"0e9ff65\" data-element_type=\"widget\" data-e-type=\"widget\" data-widget_type=\"text-editor.default\">\n\t\t\t\t<div class=\"elementor-widget-container\">\n\t\t\t\t\t\t\t\t\t<p><strong><u>AVISO LEGAL<\/u><\/strong><\/p><p>La web <a href=\"http:\/\/www.josepariente.com\">www.josepariente.com<\/a>\u00a0tiene como finalidad informar sobre la organizaci\u00f3n BODEGAS JOS\u00c9 PARIENTE, as\u00ed como de los productos y servicios ofrecidos por la misma y los socios de esta. \u00a0En cumplimiento del art\u00edculo 10 de la Ley 34\/2002, de 11 de Julio, de servicios de la sociedad de la informaci\u00f3n y de comercio electr\u00f3nico se informa de:<\/p><p>Prestador del servicio: BODEGAS JOS\u00c9 PARIENTE S.L.<\/p><p>Nombre Comercial: BODEGAS JOS\u00c9 PARIENTE<\/p><p>Domicilio Social: Ctra. Rueda km 2,5 \u2013 77491 La Seca (Valladolid)<\/p><p>Inscrita en el Registro Mercantil de Valladolid \/ Tomo 1219 \/ Folio 212 \/ Hoja VA-18365<\/p><p>CIF: B47577937<\/p><p>Tel\u00e9fono: 983 816 600<\/p><p>e-Mail: <a href=\"mailto:info@josepariente.com\">info@josepariente.com<\/a><\/p><p>Nombre de dominio: www.josepariente.com<\/p><p>Hospedaje web: Hv Consulting SL<\/p><p>Tel\u00e9fono de contacto: 983 07 40 95<\/p><p>Email de contacto: administracion@hvconsulting.es<\/p><p><strong><u>Objeto<\/u><\/strong><\/p><p>El prestador, responsable del sitio web, pone a disposici\u00f3n de los usuarios el presente documento con el que pretende dar cumplimiento a las obligaciones dispuestas en la Ley 34\/2002, de Servicios de la Sociedad de la Informaci\u00f3n y del Comercio Electr\u00f3nico (LSSI-CE), as\u00ed como informar a todos los usuarios del sitio web respecto a cu\u00e1les son las condiciones de uso del sitio web.<\/p><p>Toda persona que acceda a este sitio web asume el papel de usuario, comprometi\u00e9ndose a la observancia y cumplimiento riguroso de las disposiciones aqu\u00ed dispuestas, as\u00ed como a cualquiera otra disposici\u00f3n legal que fuera de aplicaci\u00f3n.<\/p><p>El prestador se reserva el derecho a modificar cualquier tipo de informaci\u00f3n que pudiera aparecer en el sitio web, sin que exista obligaci\u00f3n de preavisar o poner en conocimiento de los usuarios dichas obligaciones, entendi\u00e9ndose como suficiente con la publicaci\u00f3n en el sitio web del prestador.<\/p><p><strong><u>Condiciones de uso<\/u><\/strong><\/p><p>Este sitio web contiene informaci\u00f3n desarrollada por BODEGAS JOS\u00c9 PARIENTE con la finalidad de orientar al usuario sobre servicios que desarrolla BODEGAS JOS\u00c9 PARIENTE y sus noticias de inter\u00e9s. BODEGAS JOS\u00c9 PARIENTE se reserva el derecho a modificar, ampliar o suprimir esta informaci\u00f3n, as\u00ed como de la configuraci\u00f3n, especificaciones t\u00e9cnicas y servicios sin notificaci\u00f3n previa. Tambi\u00e9n se reserva el derecho a modificar estas condiciones de uso.<\/p><p>Existen en este sitio web links que pueden conducir a otros sitios y p\u00e1ginas web gestionados por terceros, sobre las que BODEGAS JOS\u00c9 PARIENTE no ejerce ning\u00fan tipo de control, BODEGAS JOS\u00c9 PARIENTE no responde de los contenidos de estos sitios web.<\/p><p>El uso de este sitio web es responsabilidad \u00fanica del usuario que lo est\u00e1 usando no responsabiliz\u00e1ndose BODEGAS JOS\u00c9 PARIENTE de los errores de los que pudiera adolecer los contenidos de este sitio web, as\u00ed como de los da\u00f1os y perjuicios que se pudieran ocasionar por los mismos a terceros. \u00a0As\u00ed el usuario, se compromete a:<\/p><ul><li>No utilizar la web para la realizaci\u00f3n de actividades contrarias a la ley, a la moral o al orden p\u00fablico y, en general, a hacer un uso l\u00edcito y honrado conforme a las presentes Condiciones Generales,<\/li><li>Abstenerse de realizar cualquier acto que pudiera da\u00f1ar, inutilizar, sobrecargar o deteriorar la web y\/o impedir el normal uso y utilizaci\u00f3n de esta.<\/li><li>No manipular o alterar cualquier contenido de la web sin el consentimiento expreso y por escrito de su titular. Cualquier alteraci\u00f3n, modificaci\u00f3n o manipulaci\u00f3n sin el consentimiento de su titular, exime a su \u00e9ste de responsabilidad alguna.<\/li><li>No reproducir, copiar, distribuir, comunicar p\u00fablicamente, transformar o modificar los contenidos, a menos que se cuente con la preceptiva autorizaci\u00f3n del titular de los correspondientes derechos o ello resulte legalmente permitido;<\/li><li>No introducir o difundir en la web programas, virus o cualquier tipo de software de car\u00e1cter nocivo susceptibles de provocar da\u00f1os en nuestra web.<\/li><\/ul><p>BODEGAS JOS\u00c9 PARIENTE tampoco se hace responsable de la disponibilidad y continuidad en el acceso a este sitio web, de los errores t\u00e9cnicos de este y de los da\u00f1os y perjuicios que pudieran ocasionar los mismos.<\/p><p>\u00a0<\/p><p><strong><u>Responsabilidades.<\/u><\/strong><\/p><p>El usuario responder\u00e1 de los da\u00f1os y perjuicios de toda naturaleza que BODEGAS JOS\u00c9 PARIENTE o cualquier tercero pueda sufrir como consecuencia del incumplimiento de cualquiera de las obligaciones a las que queda sometido por las presentes Condiciones Generales.<\/p><p>\u00a0<\/p><p><strong><u>Legislaci\u00f3n aplicable y jurisdicci\u00f3n.<\/u><\/strong><\/p><p>Las presentes Condiciones Generales se regir\u00e1n por lo dispuesto en la legislaci\u00f3n espa\u00f1ola. Para cuantas cuestiones pudieran suscitarse entre las partes en relaci\u00f3n con la interpretaci\u00f3n y ejecuci\u00f3n del presente documento, ambas partes acuerdan de forma expresa y con renuncia de cualquier otro fuero que pudiera corresponderles, a la jurisdicci\u00f3n de los Juzgados y Tribunales de Valladolid.<\/p>\t\t\t\t\t\t\t\t<\/div>\n\t\t\t\t<\/div>\n\t\t\t\t\t<\/div>\n\t\t<\/div>\n\t\t\t\t\t<\/div>\n\t\t<\/section>\n\t\t\t\t<\/div>\n\t\t","protected":false},"excerpt":{"rendered":"<p>AVISO LEGAL AVISO LEGAL La web www.josepariente.com\u00a0tiene como finalidad informar sobre la organizaci\u00f3n BODEGAS JOS\u00c9 PARIENTE, as\u00ed como de los productos y servicios ofrecidos por la misma y los socios de esta. \u00a0En cumplimiento del art\u00edculo 10 de la Ley 34\/2002, de 11 de Julio, de servicios de la sociedad de la informaci\u00f3n y de &#8230; <a title=\"Legal Notice\" class=\"read-more\" href=\"https:\/\/josepariente.com\/en_us\/aviso-legal\/\" aria-label=\"Read more about Aviso legal\">Read more<\/a><\/p>","protected":false},"author":1,"featured_media":0,"parent":0,"menu_order":0,"comment_status":"closed","ping_status":"closed","template":"elementor_header_footer","meta":{"inline_featured_image":false,"footnotes":""},"class_list":["post-1261","page","type-page","status-publish"],"_links":{"self":[{"href":"https:\/\/josepariente.com\/en_us\/wp-json\/wp\/v2\/pages\/1261","targetHints":{"allow":["GET"]}}],"collection":[{"href":"https:\/\/josepariente.com\/en_us\/wp-json\/wp\/v2\/pages"}],"about":[{"href":"https:\/\/josepariente.com\/en_us\/wp-json\/wp\/v2\/types\/page"}],"author":[{"embeddable":true,"href":"https:\/\/josepariente.com\/en_us\/wp-json\/wp\/v2\/users\/1"}],"replies":[{"embeddable":true,"href":"https:\/\/josepariente.com\/en_us\/wp-json\/wp\/v2\/comments?post=1261"}],"version-history":[{"count":10,"href":"https:\/\/josepariente.com\/en_us\/wp-json\/wp\/v2\/pages\/1261\/revisions"}],"predecessor-version":[{"id":14788,"href":"https:\/\/josepariente.com\/en_us\/wp-json\/wp\/v2\/pages\/1261\/revisions\/14788"}],"wp:attachment":[{"href":"https:\/\/josepariente.com\/en_us\/wp-json\/wp\/v2\/media?parent=1261"}],"curies":[{"name":"wp","href":"https:\/\/api.w.org\/{rel}","templated":true}]}}